{"id":1584,"date":"2018-03-22T05:18:45","date_gmt":"2018-03-22T12:18:45","guid":{"rendered":"http:\/\/dev.neochi.org?page_id=1584"},"modified":"2020-11-24T07:01:01","modified_gmt":"2020-11-24T15:01:01","slug":"tu-donacion","status":"publish","type":"page","link":"https:\/\/neochi.org\/es\/tu-donacion","title":{"rendered":"Tu donaci\u00f3n"},"content":{"rendered":"\t\t<div data-elementor-type=\"wp-page\" data-elementor-id=\"1584\" class=\"elementor elementor-1584 elementor-201\" data-elementor-post-type=\"page\">\n\t\t\t\t\t\t<section class=\"elementor-section elementor-top-section elementor-element elementor-element-703cdad elementor-section-height-min-height elementor-section-stretched elementor-section-boxed elementor-section-height-default elementor-section-items-middle\" data-id=\"703cdad\" data-element_type=\"section\" data-e-type=\"section\" data-settings=\"{&quot;stretch_section&quot;:&quot;section-stretched&quot;,&quot;background_background&quot;:&quot;classic&quot;}\">\n\t\t\t\t\t\t\t<div class=\"elementor-background-overlay\"><\/div>\n\t\t\t\t\t\t\t<div class=\"elementor-container elementor-column-gap-default\">\n\t\t\t\t\t<div class=\"elementor-column elementor-col-100 elementor-top-column elementor-element elementor-element-6cdcffb4\" data-id=\"6cdcffb4\" data-element_type=\"column\" data-e-type=\"column\">\n\t\t\t<div class=\"elementor-widget-wrap elementor-element-populated\">\n\t\t\t\t\t\t<div class=\"elementor-element elementor-element-3b62ebd9 elementor-widget elementor-widget-heading\" data-id=\"3b62ebd9\" data-element_type=\"widget\" data-e-type=\"widget\" data-widget_type=\"heading.default\">\n\t\t\t\t<div class=\"elementor-widget-container\">\n\t\t\t\t\t<h2 class=\"elementor-heading-title elementor-size-default\">Dona a nuestra organizaci\u00f3n sin fines de lucro<\/h2>\t\t\t\t<\/div>\n\t\t\t\t<\/div>\n\t\t\t\t<div class=\"elementor-element elementor-element-62cc3af0 elementor-widget elementor-widget-text-editor\" data-id=\"62cc3af0\" data-element_type=\"widget\" data-e-type=\"widget\" data-widget_type=\"text-editor.default\">\n\t\t\t\t<div class=\"elementor-widget-container\">\n\t\t\t\t\t\t\t\t\t<p>El objetivo del Instituto NEO Chi, sin fines de lucro, es ense\u00f1ar Mindful Framing y el Estilo de Vida NEO Chi para ayudar a qui\u00e9n quiera alcanzar un mejor nivel de bienestar ps\u00edquico y f\u00edsico. El Instituto NEO Chi ofrece una gu\u00eda gratuita para la pr\u00e1ctica de Mindful Framing con ilustraciones, audios y videos que plantan las semillas para un estilo de vida NEO Chi m\u00e1s saludable. Tus donaciones y honorarios se invierten en investigaci\u00f3n de mindfulness o atenci\u00f3n plena en estudios cl\u00ednicos y de investigaci\u00f3n y prop\u00f3sitos caritativos.<\/p>\t\t\t\t\t\t\t\t<\/div>\n\t\t\t\t<\/div>\n\t\t\t\t<div class=\"elementor-element elementor-element-2e464fd6 elementor-widget elementor-widget-text-editor\" data-id=\"2e464fd6\" data-element_type=\"widget\" data-e-type=\"widget\" data-widget_type=\"text-editor.default\">\n\t\t\t\t<div class=\"elementor-widget-container\">\n\t\t\t\t\t\t\t\t\t<h2 style=\"text-align: center;\">\u00a0<style>\r\n        .wpedon-container .wpedon-select,\r\n        .wpedon-container .wpedon-input {\r\n            width: 171px;\r\n            min-width: 171px;\r\n            max-width: 171px;\r\n        }\r\n    <\/style><div class='wpedon-container wpedon-align-center'><form target='_blank' action='https:\/\/www.paypal.com\/cgi-bin\/webscr' method='post' class='wpedon-form'><input type='hidden' name='cmd' value='_donations' \/><input type='hidden' name='business' value='JVQUAEMXJ2NE6' \/><input type='hidden' name='currency_code' value='USD' \/><input type='hidden' name='notify_url' value='https:\/\/neochi.org\/wp-admin\/admin-post.php?action=add_wpedon_button_ipn'><input type='hidden' name='lc' value='en_US'><input type='hidden' name='bn' value='WPPlugin_SP'><input type='hidden' name='return' value='https:\/\/neochi.org\/thankyou' \/><input type='hidden' name='cancel_return' value='https:\/\/neochi.org\/cancel' \/><input class='wpedon_paypalbuttonimage' type='image' src='https:\/\/www.paypal.com\/en_US\/i\/btn\/btn_donateCC_LG.gif' border='0' name='submit' alt='Make your payments with PayPal. It is free, secure, effective.' style='border: none;'><img alt='' border='0' style='border:none;display:none;' src='https:\/\/www.paypal.com\/en_US\/i\/scr\/pixel.gif' width='1' height='1'><input type='hidden' name='amount' id='amount_ff1e283ed76c2b08beaa029679b5a509' value='' \/><input type='hidden' name='price' id='price_ff1e283ed76c2b08beaa029679b5a509' value='' \/><input type='hidden' name='item_number' value='' \/><input type='hidden' name='item_name' value='donation now' \/><input type='hidden' name='name' value='donation now' \/><input type='hidden' name='custom' value='191'><input type='hidden' name='no_shipping' value='1'><input type='hidden' name='no_note' value='0'><input type='hidden' name='currency_code' value='USD'><input\n                    class=\"apbct_special_field apbct_email_id__elementor_form\"\n                    name=\"apbct__email_id__elementor_form\"\n                    aria-label=\"apbct__label_id__elementor_form\"\n                    type=\"text\" size=\"30\" maxlength=\"200\" autocomplete=\"off\"\n                    value=\"\"\n                \/><\/form><\/div><\/h2><p style=\"text-align: center;\"><strong><em>Su tarjeta de cr\u00e9dito\/d\u00e9bito ser\u00e1 procesada de forma segura por PayPal<\/em><\/strong><\/p>\t\t\t\t\t\t\t\t<\/div>\n\t\t\t\t<\/div>\n\t\t\t\t\t<\/div>\n\t\t<\/div>\n\t\t\t\t\t<\/div>\n\t\t<\/section>\n\t\t\t\t<\/div>\n\t\t","protected":false},"excerpt":{"rendered":"<p>Dona a nuestra organizaci\u00f3n sin fines de lucro El objetivo del Instituto NEO Chi, sin fines de lucro, es ense\u00f1ar Mindful Framing y el Estilo de Vida NEO Chi para ayudar a qui\u00e9n quiera alcanzar un mejor nivel de bienestar ps\u00edquico y f\u00edsico. El Instituto NEO Chi ofrece una gu\u00eda gratuita para la pr\u00e1ctica de [&hellip;]<\/p>\n","protected":false},"author":1,"featured_media":0,"parent":0,"menu_order":0,"comment_status":"closed","ping_status":"closed","template":"","meta":{"_acf_changed":false,"footnotes":""},"class_list":["post-1584","page","type-page","status-publish","hentry"],"acf":[],"aioseo_notices":[],"aioseo_head":"\n\t\t<!-- All in One SEO Pro 4.9.5.2 - aioseo.com -->\n\t<meta name=\"description\" content=\"Donate to our Non-Profit Organization\" \/>\n\t<meta name=\"robots\" content=\"max-image-preview:large\" \/>\n\t<meta name=\"google-site-verification\" content=\"kD2yz_roczRBzo-ZB3EykWv8VfiUrNoJWc36EGmkINI\" \/>\n\t<meta name=\"msvalidate.01\" content=\"C2613C93A35D5FFAA26B4CCBC4D61E15\" \/>\n\t<meta name=\"keywords\" content=\"donation for non profit,non profit neo chi institute,non profit 503,donation based,donate\" \/>\n\t<link rel=\"canonical\" href=\"https:\/\/neochi.org\/es\/tu-donacion\" \/>\n\t<meta name=\"generator\" content=\"All in One SEO Pro (AIOSEO) 4.9.5.2\" \/>\n\t\t<meta property=\"og:locale\" content=\"es_ES\" \/>\n\t\t<meta property=\"og:site_name\" content=\"The NEO Chi Institute\" \/>\n\t\t<meta property=\"og:type\" content=\"article\" \/>\n\t\t<meta property=\"og:title\" content=\"Donate | The NEO Chi Institute | The NEO Chi Institute\" \/>\n\t\t<meta property=\"og:description\" content=\"Donate to our Non-Profit Organization\" \/>\n\t\t<meta property=\"og:url\" content=\"https:\/\/neochi.org\/es\/tu-donacion\" \/>\n\t\t<meta property=\"fb:admins\" content=\"187116322056839\" \/>\n\t\t<meta property=\"article:tag\" content=\"donation for non profit\" \/>\n\t\t<meta property=\"article:tag\" content=\"non profit neo chi institute\" \/>\n\t\t<meta property=\"article:tag\" content=\"non profit 503\" \/>\n\t\t<meta property=\"article:tag\" content=\"donation based\" \/>\n\t\t<meta property=\"article:tag\" content=\"donate\" \/>\n\t\t<meta property=\"article:published_time\" content=\"2018-03-22T12:18:45+00:00\" \/>\n\t\t<meta property=\"article:modified_time\" content=\"2020-11-24T15:01:01+00:00\" \/>\n\t\t<meta property=\"article:publisher\" content=\"https:\/\/www.facebook.com\/neochiorg\/\" \/>\n\t\t<meta name=\"twitter:card\" content=\"summary\" \/>\n\t\t<meta name=\"twitter:site\" content=\"@neochiorg\" \/>\n\t\t<meta name=\"twitter:title\" content=\"Donate | The NEO Chi Institute | The NEO Chi Institute\" \/>\n\t\t<meta name=\"twitter:description\" content=\"Donate to our Non-Profit Organization\" \/>\n\t\t<script type=\"application\/ld+json\" class=\"aioseo-schema\">\n\t\t\t{\"@context\":\"https:\\\/\\\/schema.org\",\"@graph\":[{\"@type\":\"BreadcrumbList\",\"@id\":\"https:\\\/\\\/neochi.org\\\/es\\\/tu-donacion#breadcrumblist\",\"itemListElement\":[{\"@type\":\"ListItem\",\"@id\":\"https:\\\/\\\/neochi.org\\\/es#listItem\",\"position\":1,\"name\":\"Home\",\"item\":\"https:\\\/\\\/neochi.org\\\/es\",\"nextItem\":{\"@type\":\"ListItem\",\"@id\":\"https:\\\/\\\/neochi.org\\\/es\\\/tu-donacion#listItem\",\"name\":\"Tu donaci\\u00f3n\"}},{\"@type\":\"ListItem\",\"@id\":\"https:\\\/\\\/neochi.org\\\/es\\\/tu-donacion#listItem\",\"position\":2,\"name\":\"Tu donaci\\u00f3n\",\"previousItem\":{\"@type\":\"ListItem\",\"@id\":\"https:\\\/\\\/neochi.org\\\/es#listItem\",\"name\":\"Home\"}}]},{\"@type\":\"Organization\",\"@id\":\"https:\\\/\\\/neochi.org\\\/es\\\/#organization\",\"name\":\"The NEO Chi Institute\",\"description\":\"transform your anxiety into vital energy\",\"url\":\"https:\\\/\\\/neochi.org\\\/es\\\/\",\"email\":\"email@neochi.org\",\"sameAs\":[\"https:\\\/\\\/www.instagram.com\\\/neochiorg\\\/\"],\"address\":{\"@id\":\"https:\\\/\\\/neochi.org\\\/es\\\/#postaladdress\",\"@type\":\"PostalAddress\",\"streetAddress\":\"6762 Hampton Dr,\",\"postalCode\":\"95120\",\"addressLocality\":\"San Jose\",\"addressRegion\":\"California\",\"addressCountry\":\"US\"}},{\"@type\":\"WebPage\",\"@id\":\"https:\\\/\\\/neochi.org\\\/es\\\/tu-donacion#webpage\",\"url\":\"https:\\\/\\\/neochi.org\\\/es\\\/tu-donacion\",\"name\":\"Donate | The NEO Chi Institute | The NEO Chi Institute\",\"description\":\"Donate to our Non-Profit Organization\",\"inLanguage\":\"es-ES\",\"isPartOf\":{\"@id\":\"https:\\\/\\\/neochi.org\\\/es\\\/#website\"},\"breadcrumb\":{\"@id\":\"https:\\\/\\\/neochi.org\\\/es\\\/tu-donacion#breadcrumblist\"},\"datePublished\":\"2018-03-22T05:18:45-07:00\",\"dateModified\":\"2020-11-24T07:01:01-08:00\"},{\"@type\":\"WebSite\",\"@id\":\"https:\\\/\\\/neochi.org\\\/es\\\/#website\",\"url\":\"https:\\\/\\\/neochi.org\\\/es\\\/\",\"name\":\"The NEO Chi Institute\",\"description\":\"transform your anxiety into vital energy\",\"inLanguage\":\"es-ES\",\"publisher\":{\"@id\":\"https:\\\/\\\/neochi.org\\\/es\\\/#organization\"}}]}\n\t\t<\/script>\n\t\t<!-- All in One SEO Pro -->\r\n\t\t<title>Donate | The NEO Chi Institute | The NEO Chi Institute<\/title>\n\n","aioseo_head_json":{"title":"Donate | The NEO Chi Institute | The NEO Chi Institute","description":"Donate to our Non-Profit Organization","canonical_url":"https:\/\/neochi.org\/es\/tu-donacion","robots":"max-image-preview:large","keywords":"donation for non profit,non profit neo chi institute,non profit 503,donation based,donate","webmasterTools":{"google-site-verification":"kD2yz_roczRBzo-ZB3EykWv8VfiUrNoJWc36EGmkINI","msvalidate.01":"C2613C93A35D5FFAA26B4CCBC4D61E15","miscellaneous":""},"schema":{"@context":"https:\/\/schema.org","@graph":[{"@type":"BreadcrumbList","@id":"https:\/\/neochi.org\/es\/tu-donacion#breadcrumblist","itemListElement":[{"@type":"ListItem","@id":"https:\/\/neochi.org\/es#listItem","position":1,"name":"Home","item":"https:\/\/neochi.org\/es","nextItem":{"@type":"ListItem","@id":"https:\/\/neochi.org\/es\/tu-donacion#listItem","name":"Tu donaci\u00f3n"}},{"@type":"ListItem","@id":"https:\/\/neochi.org\/es\/tu-donacion#listItem","position":2,"name":"Tu donaci\u00f3n","previousItem":{"@type":"ListItem","@id":"https:\/\/neochi.org\/es#listItem","name":"Home"}}]},{"@type":"Organization","@id":"https:\/\/neochi.org\/es\/#organization","name":"The NEO Chi Institute","description":"transform your anxiety into vital energy","url":"https:\/\/neochi.org\/es\/","email":"email@neochi.org","sameAs":["https:\/\/www.instagram.com\/neochiorg\/"],"address":{"@id":"https:\/\/neochi.org\/es\/#postaladdress","@type":"PostalAddress","streetAddress":"6762 Hampton Dr,","postalCode":"95120","addressLocality":"San Jose","addressRegion":"California","addressCountry":"US"}},{"@type":"WebPage","@id":"https:\/\/neochi.org\/es\/tu-donacion#webpage","url":"https:\/\/neochi.org\/es\/tu-donacion","name":"Donate | The NEO Chi Institute | The NEO Chi Institute","description":"Donate to our Non-Profit Organization","inLanguage":"es-ES","isPartOf":{"@id":"https:\/\/neochi.org\/es\/#website"},"breadcrumb":{"@id":"https:\/\/neochi.org\/es\/tu-donacion#breadcrumblist"},"datePublished":"2018-03-22T05:18:45-07:00","dateModified":"2020-11-24T07:01:01-08:00"},{"@type":"WebSite","@id":"https:\/\/neochi.org\/es\/#website","url":"https:\/\/neochi.org\/es\/","name":"The NEO Chi Institute","description":"transform your anxiety into vital energy","inLanguage":"es-ES","publisher":{"@id":"https:\/\/neochi.org\/es\/#organization"}}]},"og:locale":"es_ES","og:site_name":"The NEO Chi Institute","og:type":"article","og:title":"Donate | The NEO Chi Institute | The NEO Chi Institute","og:description":"Donate to our Non-Profit Organization","og:url":"https:\/\/neochi.org\/es\/tu-donacion","fb:admins":"187116322056839","article:tag":["donation for non profit","non profit neo chi institute","non profit 503","donation based","donate"],"article:published_time":"2018-03-22T12:18:45+00:00","article:modified_time":"2020-11-24T15:01:01+00:00","article:publisher":"https:\/\/www.facebook.com\/neochiorg\/","twitter:card":"summary","twitter:site":"@neochiorg","twitter:title":"Donate | The NEO Chi Institute | The NEO Chi Institute","twitter:description":"Donate to our Non-Profit Organization"},"aioseo_meta_data":{"post_id":"1584","title":"Donate | The NEO Chi Institute | #site_title","description":"Donate to our Non-Profit Organization","keywords":[{"label":"donation for non profit","value":"donation for non profit"},{"label":"non profit neo chi institute","value":"non profit neo chi institute"},{"label":"non profit 503","value":"non profit 503"},{"label":"donation based","value":"donation based"},{"label":"donate","value":"donate"}],"keyphrases":null,"primary_term":null,"canonical_url":"","og_title":"","og_description":"","og_object_type":"article","og_image_type":"default","og_image_url":null,"og_image_width":null,"og_image_height":null,"og_image_custom_url":null,"og_image_custom_fields":null,"og_video":"","og_custom_url":null,"og_article_section":"","og_article_tags":"","twitter_use_og":false,"twitter_card":"summary","twitter_image_type":"default","twitter_image_url":null,"twitter_image_custom_url":null,"twitter_image_custom_fields":null,"twitter_title":null,"twitter_description":null,"schema":{"blockGraphs":[],"customGraphs":[],"default":{"data":{"Article":[],"Course":[],"Dataset":[],"FAQPage":[],"Movie":[],"Person":[],"Product":[],"ProductReview":[],"Car":[],"Recipe":[],"Service":[],"SoftwareApplication":[],"WebPage":[]},"graphName":"","isEnabled":true},"graphs":[]},"schema_type":null,"schema_type_options":null,"pillar_content":false,"robots_default":true,"robots_noindex":false,"robots_noarchive":false,"robots_nosnippet":false,"robots_nofollow":false,"robots_noimageindex":false,"robots_noodp":false,"robots_notranslate":false,"robots_max_snippet":null,"robots_max_videopreview":null,"robots_max_imagepreview":"large","priority":null,"frequency":null,"local_seo":null,"seo_analyzer_scan_date":"2025-08-15 03:33:32","breadcrumb_settings":null,"limit_modified_date":false,"open_ai":null,"ai":null,"created":"2021-01-07 19:36:11","updated":"2025-08-15 03:33:32"},"aioseo_breadcrumb":"<div class=\"aioseo-breadcrumbs\"><span class=\"aioseo-breadcrumb\">\n\t<a href=\"https:\/\/neochi.org\/es\" title=\"Home\">Home<\/a>\n<\/span><span class=\"aioseo-breadcrumb-separator\">&raquo;<\/span><span class=\"aioseo-breadcrumb\">\n\tTu donaci\u00f3n\n<\/span><\/div>","aioseo_breadcrumb_json":[{"label":"Home","link":"https:\/\/neochi.org\/es"},{"label":"Tu donaci\u00f3n","link":"https:\/\/neochi.org\/es\/tu-donacion"}],"jetpack_sharing_enabled":true,"jetpack_shortlink":"https:\/\/wp.me\/P9FLtf-py","_links":{"self":[{"href":"https:\/\/neochi.org\/es\/wp-json\/wp\/v2\/pages\/1584","targetHints":{"allow":["GET"]}}],"collection":[{"href":"https:\/\/neochi.org\/es\/wp-json\/wp\/v2\/pages"}],"about":[{"href":"https:\/\/neochi.org\/es\/wp-json\/wp\/v2\/types\/page"}],"author":[{"embeddable":true,"href":"https:\/\/neochi.org\/es\/wp-json\/wp\/v2\/users\/1"}],"replies":[{"embeddable":true,"href":"https:\/\/neochi.org\/es\/wp-json\/wp\/v2\/comments?post=1584"}],"version-history":[{"count":21,"href":"https:\/\/neochi.org\/es\/wp-json\/wp\/v2\/pages\/1584\/revisions"}],"predecessor-version":[{"id":4580,"href":"https:\/\/neochi.org\/es\/wp-json\/wp\/v2\/pages\/1584\/revisions\/4580"}],"wp:attachment":[{"href":"https:\/\/neochi.org\/es\/wp-json\/wp\/v2\/media?parent=1584"}],"curies":[{"name":"wp","href":"https:\/\/api.w.org\/{rel}","templated":true}]}}