{"id":1597,"date":"2018-03-22T05:21:04","date_gmt":"2018-03-22T12:21:04","guid":{"rendered":"http:\/\/dev.neochi.org?page_id=1597"},"modified":"2023-03-23T11:44:57","modified_gmt":"2023-03-23T18:44:57","slug":"estilo-de-vida","status":"publish","type":"page","link":"https:\/\/neochi.org\/es\/estilo-de-vida","title":{"rendered":"Estilo de vida"},"content":{"rendered":"\t\t<div data-elementor-type=\"wp-page\" data-elementor-id=\"1597\" class=\"elementor elementor-1597 elementor-63\" data-elementor-post-type=\"page\">\n\t\t\t\t\t\t<section class=\"elementor-section elementor-top-section elementor-element elementor-element-7d377bc9 elementor-section-height-min-height elementor-section-stretched elementor-section-boxed elementor-section-height-default elementor-section-items-middle\" data-id=\"7d377bc9\" data-element_type=\"section\" data-e-type=\"section\" data-settings=\"{&quot;stretch_section&quot;:&quot;section-stretched&quot;,&quot;background_background&quot;:&quot;classic&quot;}\">\n\t\t\t\t\t\t\t<div class=\"elementor-background-overlay\"><\/div>\n\t\t\t\t\t\t\t<div class=\"elementor-container elementor-column-gap-default\">\n\t\t\t\t\t<div class=\"elementor-column elementor-col-100 elementor-top-column elementor-element elementor-element-7af4d8d6\" data-id=\"7af4d8d6\" data-element_type=\"column\" data-e-type=\"column\">\n\t\t\t<div class=\"elementor-widget-wrap elementor-element-populated\">\n\t\t\t\t\t\t<div class=\"elementor-element elementor-element-1ceb6b55 elementor-widget elementor-widget-heading\" data-id=\"1ceb6b55\" data-element_type=\"widget\" data-e-type=\"widget\" data-widget_type=\"heading.default\">\n\t\t\t\t<div class=\"elementor-widget-container\">\n\t\t\t\t\t<h2 class=\"elementor-heading-title elementor-size-default\">el Estilo de Vida NEO Chi<\/h2>\t\t\t\t<\/div>\n\t\t\t\t<\/div>\n\t\t\t\t<section class=\"elementor-section elementor-inner-section elementor-element elementor-element-613ea2a7 elementor-section-content-top elementor-section-boxed elementor-section-height-default elementor-section-height-default\" data-id=\"613ea2a7\" data-element_type=\"section\" data-e-type=\"section\" data-settings=\"{&quot;background_background&quot;:&quot;classic&quot;}\">\n\t\t\t\t\t\t<div class=\"elementor-container elementor-column-gap-default\">\n\t\t\t\t\t<div class=\"elementor-column elementor-col-33 elementor-inner-column elementor-element elementor-element-67fa28ed\" data-id=\"67fa28ed\" data-element_type=\"column\" data-e-type=\"column\">\n\t\t\t<div class=\"elementor-widget-wrap elementor-element-populated\">\n\t\t\t\t\t\t<div class=\"elementor-element elementor-element-6261c2c0 elementor-widget elementor-widget-heading\" data-id=\"6261c2c0\" data-element_type=\"widget\" data-e-type=\"widget\" data-widget_type=\"heading.default\">\n\t\t\t\t<div class=\"elementor-widget-container\">\n\t\t\t\t\t<h4 class=\"elementor-heading-title elementor-size-default\">CONECTA CON LA NATURALEZA<\/h4>\t\t\t\t<\/div>\n\t\t\t\t<\/div>\n\t\t\t\t<div class=\"elementor-element elementor-element-324668af elementor-widget elementor-widget-text-editor\" data-id=\"324668af\" data-element_type=\"widget\" data-e-type=\"widget\" data-widget_type=\"text-editor.default\">\n\t\t\t\t<div class=\"elementor-widget-container\">\n\t\t\t\t\t\t\t\t\t<p>disfruta del momento<\/p><p>utiliza tus cinco sentidos<\/p><p>explora los cinco elementos<\/p>\t\t\t\t\t\t\t\t<\/div>\n\t\t\t\t<\/div>\n\t\t\t\t\t<\/div>\n\t\t<\/div>\n\t\t\t\t<div class=\"elementor-column elementor-col-33 elementor-inner-column elementor-element elementor-element-79a2c5e6\" data-id=\"79a2c5e6\" data-element_type=\"column\" data-e-type=\"column\">\n\t\t\t<div class=\"elementor-widget-wrap elementor-element-populated\">\n\t\t\t\t\t\t<div class=\"elementor-element elementor-element-33561c1c elementor-widget elementor-widget-heading\" data-id=\"33561c1c\" data-element_type=\"widget\" data-e-type=\"widget\" data-widget_type=\"heading.default\">\n\t\t\t\t<div class=\"elementor-widget-container\">\n\t\t\t\t\t<h4 class=\"elementor-heading-title elementor-size-default\">ARMONIZA TUS EMOCIONES<\/h4>\t\t\t\t<\/div>\n\t\t\t\t<\/div>\n\t\t\t\t<div class=\"elementor-element elementor-element-3438764b elementor-widget elementor-widget-text-editor\" data-id=\"3438764b\" data-element_type=\"widget\" data-e-type=\"widget\" data-widget_type=\"text-editor.default\">\n\t\t\t\t<div class=\"elementor-widget-container\">\n\t\t\t\t\t\t\t\t\t<p>ser amoroso<\/p><p>estar agradecido<\/p><p>ser compasivo<\/p>\t\t\t\t\t\t\t\t<\/div>\n\t\t\t\t<\/div>\n\t\t\t\t\t<\/div>\n\t\t<\/div>\n\t\t\t\t<div class=\"elementor-column elementor-col-33 elementor-inner-column elementor-element elementor-element-60e80b7b\" data-id=\"60e80b7b\" data-element_type=\"column\" data-e-type=\"column\">\n\t\t\t<div class=\"elementor-widget-wrap elementor-element-populated\">\n\t\t\t\t\t\t<div class=\"elementor-element elementor-element-64342083 elementor-widget elementor-widget-heading\" data-id=\"64342083\" data-element_type=\"widget\" data-e-type=\"widget\" data-widget_type=\"heading.default\">\n\t\t\t\t<div class=\"elementor-widget-container\">\n\t\t\t\t\t<h4 class=\"elementor-heading-title elementor-size-default\">REVITALIZA TU ORGANISMO<\/h4>\t\t\t\t<\/div>\n\t\t\t\t<\/div>\n\t\t\t\t<div class=\"elementor-element elementor-element-12facfb elementor-widget elementor-widget-text-editor\" data-id=\"12facfb\" data-element_type=\"widget\" data-e-type=\"widget\" data-widget_type=\"text-editor.default\">\n\t\t\t\t<div class=\"elementor-widget-container\">\n\t\t\t\t\t\t\t\t\t<p>cuida tus c\u00e9lulas<\/p><p>cuida tus centros de energ\u00eda vital<\/p><p>cuida tus sistemas corporales<\/p>\t\t\t\t\t\t\t\t<\/div>\n\t\t\t\t<\/div>\n\t\t\t\t\t<\/div>\n\t\t<\/div>\n\t\t\t\t\t<\/div>\n\t\t<\/section>\n\t\t\t\t\t<\/div>\n\t\t<\/div>\n\t\t\t\t\t<\/div>\n\t\t<\/section>\n\t\t\t\t<section class=\"elementor-section elementor-top-section elementor-element elementor-element-26a0a2c1 elementor-section-stretched elementor-section-boxed elementor-section-height-default elementor-section-height-default\" data-id=\"26a0a2c1\" data-element_type=\"section\" data-e-type=\"section\" data-settings=\"{&quot;stretch_section&quot;:&quot;section-stretched&quot;,&quot;background_background&quot;:&quot;classic&quot;}\">\n\t\t\t\t\t\t<div class=\"elementor-container elementor-column-gap-default\">\n\t\t\t\t\t<div class=\"elementor-column elementor-col-100 elementor-top-column elementor-element elementor-element-610971b0\" data-id=\"610971b0\" data-element_type=\"column\" data-e-type=\"column\">\n\t\t\t<div class=\"elementor-widget-wrap elementor-element-populated\">\n\t\t\t\t\t\t<section class=\"elementor-section elementor-inner-section elementor-element elementor-element-4f123cda elementor-section-boxed elementor-section-height-default elementor-section-height-default\" data-id=\"4f123cda\" data-element_type=\"section\" data-e-type=\"section\">\n\t\t\t\t\t\t<div class=\"elementor-container elementor-column-gap-default\">\n\t\t\t\t\t<div class=\"elementor-column elementor-col-100 elementor-inner-column elementor-element elementor-element-29162275\" data-id=\"29162275\" data-element_type=\"column\" data-e-type=\"column\">\n\t\t\t<div class=\"elementor-widget-wrap elementor-element-populated\">\n\t\t\t\t\t\t<div class=\"elementor-element elementor-element-34d5e3d7 elementor-widget elementor-widget-heading\" data-id=\"34d5e3d7\" data-element_type=\"widget\" data-e-type=\"widget\" data-widget_type=\"heading.default\">\n\t\t\t\t<div class=\"elementor-widget-container\">\n\t\t\t\t\t<h4 class=\"elementor-heading-title elementor-size-default\">LOS PRINCIPIOS DEL ESTILO DE VIDA NEOCHI<\/h4>\t\t\t\t<\/div>\n\t\t\t\t<\/div>\n\t\t\t\t<div class=\"elementor-element elementor-element-3f34f199 elementor-widget elementor-widget-text-editor\" data-id=\"3f34f199\" data-element_type=\"widget\" data-e-type=\"widget\" data-widget_type=\"text-editor.default\">\n\t\t\t\t<div class=\"elementor-widget-container\">\n\t\t\t\t\t\t\t\t\t<p>El Instituto NEO Chi es la fundaci\u00f3n de Mindful Framing, una pr\u00e1ctica de reflexi\u00f3n de <em>mindfulness<\/em> o atenci\u00f3n plena. Este tipo de autorreflexi\u00f3n sigue principios cient\u00edficos y est\u00e1 basada en la visualizaci\u00f3n de im\u00e1genes en tu mente que enmarcan tus pensamientos y acciones a lo largo del d\u00eda.<\/p><p>El objetivo es mejorar el funcionamiento de tu cuerpo al conectar tu mente con tu sistema nervioso e inmune, con un estilo de vida natural, libre de pensamientos y experiencias estresantes.<\/p><p>Con el estilo de vida NEO Chi y la pr\u00e1ctica de Mindful Framing, generando Chi, energ\u00eda, al realizar 5 visualizaciones mentales combinadas con los 5 elementos naturales de Ayurveda (tierra, agua, fuego, aire y \u00e9ter):<\/p><p style=\"text-align: center;\">1. Tu autob\u00fas de la ansiedad<br \/>2. Tus cinco sentidos<br \/>3. Tu \u00e1rbol de la <strong>N<\/strong> aturaleza<br \/>4. Tu \u00e1rbol <strong>E<\/strong> mocional<br \/>5. Tu \u00e1rbol del <strong>O<\/strong> rganismo<\/p><p>El Mindful Framing te permitir\u00e1 alcanzar un mayor bienestar ps\u00edquico y f\u00edsico, lo que te ayudar\u00e1 a prevenir el c\u00e1ncer, inflamaciones cr\u00f3nicas e infecciones<\/p>\t\t\t\t\t\t\t\t<\/div>\n\t\t\t\t<\/div>\n\t\t\t\t\t<\/div>\n\t\t<\/div>\n\t\t\t\t\t<\/div>\n\t\t<\/section>\n\t\t\t\t<section class=\"elementor-section elementor-inner-section elementor-element elementor-element-3039cb53 elementor-section-boxed elementor-section-height-default elementor-section-height-default\" data-id=\"3039cb53\" data-element_type=\"section\" data-e-type=\"section\">\n\t\t\t\t\t\t<div class=\"elementor-container elementor-column-gap-default\">\n\t\t\t\t\t<div class=\"elementor-column elementor-col-100 elementor-inner-column elementor-element elementor-element-242b055c\" data-id=\"242b055c\" data-element_type=\"column\" data-e-type=\"column\">\n\t\t\t<div class=\"elementor-widget-wrap elementor-element-populated\">\n\t\t\t\t\t\t<div class=\"elementor-element elementor-element-854108a elementor-align-center elementor-invisible elementor-widget elementor-widget-button\" data-id=\"854108a\" data-element_type=\"widget\" data-e-type=\"widget\" data-settings=\"{&quot;_animation&quot;:&quot;fadeIn&quot;}\" data-widget_type=\"button.default\">\n\t\t\t\t<div class=\"elementor-widget-container\">\n\t\t\t\t\t\t\t\t\t<div class=\"elementor-button-wrapper\">\n\t\t\t\t\t<a class=\"elementor-button elementor-button-link elementor-size-md elementor-animation-grow\" href=\"https:\/\/neochi.org\/es\/boletin\">\n\t\t\t\t\t\t<span class=\"elementor-button-content-wrapper\">\n\t\t\t\t\t\t\t\t\t<span class=\"elementor-button-text\">\u00daNETE AL MOVIMIENTO NEO Chi Y DESCARGA GRATIS EL LIBRO \u201cMINDFUL FRAMING\u201d<\/span>\n\t\t\t\t\t<\/span>\n\t\t\t\t\t<\/a>\n\t\t\t\t<\/div>\n\t\t\t\t\t\t\t\t<\/div>\n\t\t\t\t<\/div>\n\t\t\t\t\t<\/div>\n\t\t<\/div>\n\t\t\t\t\t<\/div>\n\t\t<\/section>\n\t\t\t\t\t<\/div>\n\t\t<\/div>\n\t\t\t\t\t<\/div>\n\t\t<\/section>\n\t\t\t\t<\/div>\n\t\t","protected":false},"excerpt":{"rendered":"<p>el Estilo de Vida NEO Chi CONECTA CON LA NATURALEZA disfruta del momento utiliza tus cinco sentidos explora los cinco elementos ARMONIZA TUS EMOCIONES ser amoroso estar agradecido ser compasivo REVITALIZA TU ORGANISMO cuida tus c\u00e9lulas cuida tus centros de energ\u00eda vital cuida tus sistemas corporales LOS PRINCIPIOS DEL ESTILO DE VIDA NEOCHI El Instituto [&hellip;]<\/p>\n","protected":false},"author":1,"featured_media":0,"parent":0,"menu_order":0,"comment_status":"closed","ping_status":"closed","template":"","meta":{"_acf_changed":false,"footnotes":""},"class_list":["post-1597","page","type-page","status-publish","hentry"],"acf":[],"aioseo_notices":[],"aioseo_head":"\n\t\t<!-- All in One SEO Pro 4.9.5.2 - aioseo.com -->\n\t<meta name=\"description\" content=\"Connect with Nature, enjoy the moment, use your five senses, explore the five elements Harmonize your Emotions, be loving, be grateful, be compassionate, Invigorate your Organism, care for your cells, care for your vitals, care for your body systems\" \/>\n\t<meta name=\"robots\" content=\"max-image-preview:large\" \/>\n\t<meta name=\"google-site-verification\" content=\"kD2yz_roczRBzo-ZB3EykWv8VfiUrNoJWc36EGmkINI\" \/>\n\t<meta name=\"msvalidate.01\" content=\"C2613C93A35D5FFAA26B4CCBC4D61E15\" \/>\n\t<meta name=\"keywords\" content=\"lifestyle,the neo chi institute lifestyle,best mindfulness book,\" \/>\n\t<link rel=\"canonical\" href=\"https:\/\/neochi.org\/es\/estilo-de-vida\" \/>\n\t<meta name=\"generator\" content=\"All in One SEO Pro (AIOSEO) 4.9.5.2\" \/>\n\t\t<meta property=\"og:locale\" content=\"es_ES\" \/>\n\t\t<meta property=\"og:site_name\" content=\"The NEO Chi Institute\" \/>\n\t\t<meta property=\"og:type\" content=\"article\" \/>\n\t\t<meta property=\"og:title\" content=\"Lifestyle | The NEO Chi Institute | The NEO Chi Institute\" \/>\n\t\t<meta property=\"og:description\" content=\"Connect with Nature, enjoy the moment, use your five senses, explore the five elements Harmonize your Emotions, be loving, be grateful, be compassionate, Invigorate your Organism, care for your cells, care for your vitals, care for your body systems\" \/>\n\t\t<meta property=\"og:url\" content=\"https:\/\/neochi.org\/es\/estilo-de-vida\" \/>\n\t\t<meta property=\"fb:admins\" content=\"187116322056839\" \/>\n\t\t<meta property=\"article:tag\" content=\"lifestyle\" \/>\n\t\t<meta property=\"article:tag\" content=\"the neo chi institute lifestyle\" \/>\n\t\t<meta property=\"article:tag\" content=\"best mindfulness book\" \/>\n\t\t<meta property=\"article:tag\" content=\"\" \/>\n\t\t<meta property=\"article:published_time\" content=\"2018-03-22T12:21:04+00:00\" \/>\n\t\t<meta property=\"article:modified_time\" content=\"2023-03-23T18:44:57+00:00\" \/>\n\t\t<meta property=\"article:publisher\" content=\"https:\/\/www.facebook.com\/neochiorg\/\" \/>\n\t\t<meta name=\"twitter:card\" content=\"summary\" \/>\n\t\t<meta name=\"twitter:site\" content=\"@neochiorg\" \/>\n\t\t<meta name=\"twitter:title\" content=\"Lifestyle | The NEO Chi Institute | The NEO Chi Institute\" \/>\n\t\t<meta name=\"twitter:description\" content=\"Connect with Nature, enjoy the moment, use your five senses, explore the five elements Harmonize your Emotions, be loving, be grateful, be compassionate, Invigorate your Organism, care for your cells, care for your vitals, care for your body systems\" \/>\n\t\t<script type=\"application\/ld+json\" class=\"aioseo-schema\">\n\t\t\t{\"@context\":\"https:\\\/\\\/schema.org\",\"@graph\":[{\"@type\":\"BreadcrumbList\",\"@id\":\"https:\\\/\\\/neochi.org\\\/es\\\/estilo-de-vida#breadcrumblist\",\"itemListElement\":[{\"@type\":\"ListItem\",\"@id\":\"https:\\\/\\\/neochi.org\\\/es#listItem\",\"position\":1,\"name\":\"Home\",\"item\":\"https:\\\/\\\/neochi.org\\\/es\",\"nextItem\":{\"@type\":\"ListItem\",\"@id\":\"https:\\\/\\\/neochi.org\\\/es\\\/estilo-de-vida#listItem\",\"name\":\"Estilo de vida\"}},{\"@type\":\"ListItem\",\"@id\":\"https:\\\/\\\/neochi.org\\\/es\\\/estilo-de-vida#listItem\",\"position\":2,\"name\":\"Estilo de vida\",\"previousItem\":{\"@type\":\"ListItem\",\"@id\":\"https:\\\/\\\/neochi.org\\\/es#listItem\",\"name\":\"Home\"}}]},{\"@type\":\"Organization\",\"@id\":\"https:\\\/\\\/neochi.org\\\/es\\\/#organization\",\"name\":\"The NEO Chi Institute\",\"description\":\"transform your anxiety into vital energy\",\"url\":\"https:\\\/\\\/neochi.org\\\/es\\\/\",\"email\":\"email@neochi.org\",\"sameAs\":[\"https:\\\/\\\/www.instagram.com\\\/neochiorg\\\/\"],\"address\":{\"@id\":\"https:\\\/\\\/neochi.org\\\/es\\\/#postaladdress\",\"@type\":\"PostalAddress\",\"streetAddress\":\"6762 Hampton Dr,\",\"postalCode\":\"95120\",\"addressLocality\":\"San Jose\",\"addressRegion\":\"California\",\"addressCountry\":\"US\"}},{\"@type\":\"WebPage\",\"@id\":\"https:\\\/\\\/neochi.org\\\/es\\\/estilo-de-vida#webpage\",\"url\":\"https:\\\/\\\/neochi.org\\\/es\\\/estilo-de-vida\",\"name\":\"Lifestyle | The NEO Chi Institute | The NEO Chi Institute\",\"description\":\"Connect with Nature, enjoy the moment, use your five senses, explore the five elements Harmonize your Emotions, be loving, be grateful, be compassionate, Invigorate your Organism, care for your cells, care for your vitals, care for your body systems\",\"inLanguage\":\"es-ES\",\"isPartOf\":{\"@id\":\"https:\\\/\\\/neochi.org\\\/es\\\/#website\"},\"breadcrumb\":{\"@id\":\"https:\\\/\\\/neochi.org\\\/es\\\/estilo-de-vida#breadcrumblist\"},\"datePublished\":\"2018-03-22T05:21:04-07:00\",\"dateModified\":\"2023-03-23T11:44:57-07:00\"},{\"@type\":\"WebSite\",\"@id\":\"https:\\\/\\\/neochi.org\\\/es\\\/#website\",\"url\":\"https:\\\/\\\/neochi.org\\\/es\\\/\",\"name\":\"The NEO Chi Institute\",\"description\":\"transform your anxiety into vital energy\",\"inLanguage\":\"es-ES\",\"publisher\":{\"@id\":\"https:\\\/\\\/neochi.org\\\/es\\\/#organization\"}}]}\n\t\t<\/script>\n\t\t<!-- All in One SEO Pro -->\r\n\t\t<title>Lifestyle | The NEO Chi Institute | The NEO Chi Institute<\/title>\n\n","aioseo_head_json":{"title":"Lifestyle | The NEO Chi Institute | The NEO Chi Institute","description":"Connect with Nature, enjoy the moment, use your five senses, explore the five elements Harmonize your Emotions, be loving, be grateful, be compassionate, Invigorate your Organism, care for your cells, care for your vitals, care for your body systems","canonical_url":"https:\/\/neochi.org\/es\/estilo-de-vida","robots":"max-image-preview:large","keywords":"lifestyle,the neo chi institute lifestyle,best mindfulness book,","webmasterTools":{"google-site-verification":"kD2yz_roczRBzo-ZB3EykWv8VfiUrNoJWc36EGmkINI","msvalidate.01":"C2613C93A35D5FFAA26B4CCBC4D61E15","miscellaneous":""},"schema":{"@context":"https:\/\/schema.org","@graph":[{"@type":"BreadcrumbList","@id":"https:\/\/neochi.org\/es\/estilo-de-vida#breadcrumblist","itemListElement":[{"@type":"ListItem","@id":"https:\/\/neochi.org\/es#listItem","position":1,"name":"Home","item":"https:\/\/neochi.org\/es","nextItem":{"@type":"ListItem","@id":"https:\/\/neochi.org\/es\/estilo-de-vida#listItem","name":"Estilo de vida"}},{"@type":"ListItem","@id":"https:\/\/neochi.org\/es\/estilo-de-vida#listItem","position":2,"name":"Estilo de vida","previousItem":{"@type":"ListItem","@id":"https:\/\/neochi.org\/es#listItem","name":"Home"}}]},{"@type":"Organization","@id":"https:\/\/neochi.org\/es\/#organization","name":"The NEO Chi Institute","description":"transform your anxiety into vital energy","url":"https:\/\/neochi.org\/es\/","email":"email@neochi.org","sameAs":["https:\/\/www.instagram.com\/neochiorg\/"],"address":{"@id":"https:\/\/neochi.org\/es\/#postaladdress","@type":"PostalAddress","streetAddress":"6762 Hampton Dr,","postalCode":"95120","addressLocality":"San Jose","addressRegion":"California","addressCountry":"US"}},{"@type":"WebPage","@id":"https:\/\/neochi.org\/es\/estilo-de-vida#webpage","url":"https:\/\/neochi.org\/es\/estilo-de-vida","name":"Lifestyle | The NEO Chi Institute | The NEO Chi Institute","description":"Connect with Nature, enjoy the moment, use your five senses, explore the five elements Harmonize your Emotions, be loving, be grateful, be compassionate, Invigorate your Organism, care for your cells, care for your vitals, care for your body systems","inLanguage":"es-ES","isPartOf":{"@id":"https:\/\/neochi.org\/es\/#website"},"breadcrumb":{"@id":"https:\/\/neochi.org\/es\/estilo-de-vida#breadcrumblist"},"datePublished":"2018-03-22T05:21:04-07:00","dateModified":"2023-03-23T11:44:57-07:00"},{"@type":"WebSite","@id":"https:\/\/neochi.org\/es\/#website","url":"https:\/\/neochi.org\/es\/","name":"The NEO Chi Institute","description":"transform your anxiety into vital energy","inLanguage":"es-ES","publisher":{"@id":"https:\/\/neochi.org\/es\/#organization"}}]},"og:locale":"es_ES","og:site_name":"The NEO Chi Institute","og:type":"article","og:title":"Lifestyle | The NEO Chi Institute | The NEO Chi Institute","og:description":"Connect with Nature, enjoy the moment, use your five senses, explore the five elements Harmonize your Emotions, be loving, be grateful, be compassionate, Invigorate your Organism, care for your cells, care for your vitals, care for your body systems","og:url":"https:\/\/neochi.org\/es\/estilo-de-vida","fb:admins":"187116322056839","article:tag":["lifestyle","the neo chi institute lifestyle","best mindfulness book",""],"article:published_time":"2018-03-22T12:21:04+00:00","article:modified_time":"2023-03-23T18:44:57+00:00","article:publisher":"https:\/\/www.facebook.com\/neochiorg\/","twitter:card":"summary","twitter:site":"@neochiorg","twitter:title":"Lifestyle | The NEO Chi Institute | The NEO Chi Institute","twitter:description":"Connect with Nature, enjoy the moment, use your five senses, explore the five elements Harmonize your Emotions, be loving, be grateful, be compassionate, Invigorate your Organism, care for your cells, care for your vitals, care for your body systems"},"aioseo_meta_data":{"post_id":"1597","title":"Lifestyle | The NEO Chi Institute | #site_title","description":"Connect with Nature, enjoy the moment, use\u00a0your five senses, explore the five elements\r\n\r\n\u00a0\r\nHarmonize your Emotions, be loving, be grateful, be compassionate, Invigorate your Organism, care for\u00a0your cells, care for\u00a0your vitals, care for your body systems","keywords":[{"label":"Lifestyle","value":"Lifestyle"},{"label":"The NEO Chi Institute Lifestyle","value":"The NEO Chi Institute Lifestyle"},{"label":"Best Mindfulness Book,","value":"Best Mindfulness Book,"}],"keyphrases":null,"primary_term":null,"canonical_url":"","og_title":"","og_description":"","og_object_type":"article","og_image_type":"default","og_image_url":null,"og_image_width":null,"og_image_height":null,"og_image_custom_url":null,"og_image_custom_fields":null,"og_video":"","og_custom_url":null,"og_article_section":"","og_article_tags":"","twitter_use_og":false,"twitter_card":"summary","twitter_image_type":"default","twitter_image_url":null,"twitter_image_custom_url":null,"twitter_image_custom_fields":null,"twitter_title":null,"twitter_description":null,"schema":{"blockGraphs":[],"customGraphs":[],"default":{"data":{"Article":[],"Course":[],"Dataset":[],"FAQPage":[],"Movie":[],"Person":[],"Product":[],"ProductReview":[],"Car":[],"Recipe":[],"Service":[],"SoftwareApplication":[],"WebPage":[]},"graphName":"","isEnabled":true},"graphs":[]},"schema_type":null,"schema_type_options":null,"pillar_content":false,"robots_default":true,"robots_noindex":false,"robots_noarchive":false,"robots_nosnippet":false,"robots_nofollow":false,"robots_noimageindex":false,"robots_noodp":false,"robots_notranslate":false,"robots_max_snippet":null,"robots_max_videopreview":null,"robots_max_imagepreview":"large","priority":null,"frequency":null,"local_seo":null,"seo_analyzer_scan_date":"2025-08-15 03:33:35","breadcrumb_settings":null,"limit_modified_date":false,"open_ai":null,"ai":null,"created":"2021-01-07 19:36:11","updated":"2025-08-15 03:33:35"},"aioseo_breadcrumb":"<div class=\"aioseo-breadcrumbs\"><span class=\"aioseo-breadcrumb\">\n\t<a href=\"https:\/\/neochi.org\/es\" title=\"Home\">Home<\/a>\n<\/span><span class=\"aioseo-breadcrumb-separator\">&raquo;<\/span><span class=\"aioseo-breadcrumb\">\n\tEstilo de vida\n<\/span><\/div>","aioseo_breadcrumb_json":[{"label":"Home","link":"https:\/\/neochi.org\/es"},{"label":"Estilo de vida","link":"https:\/\/neochi.org\/es\/estilo-de-vida"}],"jetpack_sharing_enabled":true,"jetpack_shortlink":"https:\/\/wp.me\/P9FLtf-pL","_links":{"self":[{"href":"https:\/\/neochi.org\/es\/wp-json\/wp\/v2\/pages\/1597","targetHints":{"allow":["GET"]}}],"collection":[{"href":"https:\/\/neochi.org\/es\/wp-json\/wp\/v2\/pages"}],"about":[{"href":"https:\/\/neochi.org\/es\/wp-json\/wp\/v2\/types\/page"}],"author":[{"embeddable":true,"href":"https:\/\/neochi.org\/es\/wp-json\/wp\/v2\/users\/1"}],"replies":[{"embeddable":true,"href":"https:\/\/neochi.org\/es\/wp-json\/wp\/v2\/comments?post=1597"}],"version-history":[{"count":56,"href":"https:\/\/neochi.org\/es\/wp-json\/wp\/v2\/pages\/1597\/revisions"}],"predecessor-version":[{"id":7401,"href":"https:\/\/neochi.org\/es\/wp-json\/wp\/v2\/pages\/1597\/revisions\/7401"}],"wp:attachment":[{"href":"https:\/\/neochi.org\/es\/wp-json\/wp\/v2\/media?parent=1597"}],"curies":[{"name":"wp","href":"https:\/\/api.w.org\/{rel}","templated":true}]}}