{"id":1604,"date":"2018-03-22T05:28:27","date_gmt":"2018-03-22T12:28:27","guid":{"rendered":"http:\/\/dev.neochi.org?page_id=1604"},"modified":"2020-11-24T06:56:58","modified_gmt":"2020-11-24T14:56:58","slug":"instituto","status":"publish","type":"page","link":"https:\/\/neochi.org\/es\/instituto","title":{"rendered":"Instituto NEO Chi"},"content":{"rendered":"\t\t<div data-elementor-type=\"wp-page\" data-elementor-id=\"1604\" class=\"elementor elementor-1604 elementor-1201\" data-elementor-post-type=\"page\">\n\t\t\t\t\t\t<section class=\"elementor-section elementor-top-section elementor-element elementor-element-379bb6aa elementor-section-height-min-height elementor-section-stretched elementor-section-boxed elementor-section-height-default elementor-section-items-middle\" data-id=\"379bb6aa\" data-element_type=\"section\" data-e-type=\"section\" data-settings=\"{&quot;stretch_section&quot;:&quot;section-stretched&quot;,&quot;background_background&quot;:&quot;classic&quot;}\">\n\t\t\t\t\t\t\t<div class=\"elementor-background-overlay\"><\/div>\n\t\t\t\t\t\t\t<div class=\"elementor-container elementor-column-gap-default\">\n\t\t\t\t\t<div class=\"elementor-column elementor-col-100 elementor-top-column elementor-element elementor-element-4d1c452f\" data-id=\"4d1c452f\" data-element_type=\"column\" data-e-type=\"column\">\n\t\t\t<div class=\"elementor-widget-wrap elementor-element-populated\">\n\t\t\t\t\t\t<div class=\"elementor-element elementor-element-56fd92d elementor-widget elementor-widget-heading\" data-id=\"56fd92d\" data-element_type=\"widget\" data-e-type=\"widget\" data-widget_type=\"heading.default\">\n\t\t\t\t<div class=\"elementor-widget-container\">\n\t\t\t\t\t<h2 class=\"elementor-heading-title elementor-size-default\">ORGANIZACI\u00d3N NO GUBERNAMENTAL SIN \u00c1NIMO DE LUCRO<\/h2>\t\t\t\t<\/div>\n\t\t\t\t<\/div>\n\t\t\t\t<div class=\"elementor-element elementor-element-7555564d elementor-widget elementor-widget-text-editor\" data-id=\"7555564d\" data-element_type=\"widget\" data-e-type=\"widget\" data-widget_type=\"text-editor.default\">\n\t\t\t\t<div class=\"elementor-widget-container\">\n\t\t\t\t\t\t\t\t\t<p>El objetivo de NEO Chi Institute es ense\u00f1ar la pr\u00e1ctica de mindful framing y el estilo de vida NEO Chi. Adem\u00e1s, el Instituto tiene como objetivo dise\u00f1ar, financiar y\/o colaborar en ensayos cl\u00ednicos para confirmar la hip\u00f3tesis de que la pr\u00e1ctica y el estilo de vida pueden complementar las inmunoterapias aprobadas por agencias reguladoras e impactar en la calidad de vida y la supervivencia de pacientes con c\u00e1ncer y otras enfermedades inmunes.<\/p><p>Mindful framing se basa en principios bien establecidos de atenci\u00f3n plena y avances cient\u00edficos en el campo de la psico-neuro-inmunolog\u00eda. Esta pr\u00e1ctica y estilo de vida asociado tienen como objetivo transformar la ansiedad en energ\u00eda vital centr\u00e1ndose en potenciar de forma natural las c\u00e9lulas y los anticuerpos del sistema inmune mediante la relajaci\u00f3n mental conseguida al conectar con la naturaleza, armonizar nuestras emociones y revitalizar el organismo.<\/p><p>La direcci\u00f3n acad\u00e9mica, las actividades educativas y cient\u00edficas del Instituto ser\u00e1n coordinadas por el doctor Oscar Segurado, presidente, con un doctorado en neurociencia y profesor titular de inmunolog\u00eda, as\u00ed como veterano en desarrollo cl\u00ednico en la industria m\u00e9dica. El doctor Segurado ha publicado m\u00e1s de 100 art\u00edculos cient\u00edficos y de noticias en revistas prestigiosas, como Nature y Lancet.<\/p><p>Una vez que las actividades del Instituto sean conocidas y est\u00e9n disponibles para el p\u00fablico, Oscar Segurado compartir\u00e1 regularmente (en sesiones en vivo o seminarios web) su experiencia y conocimiento de la conexi\u00f3n naturaleza-mente-cuerpo basada en varios a\u00f1os de pr\u00e1ctica de mindfulness y una vasta experiencia como neurocient\u00edfico e inmun\u00f3logo.<\/p>\t\t\t\t\t\t\t\t<\/div>\n\t\t\t\t<\/div>\n\t\t\t\t\t<\/div>\n\t\t<\/div>\n\t\t\t\t\t<\/div>\n\t\t<\/section>\n\t\t\t\t<\/div>\n\t\t","protected":false},"excerpt":{"rendered":"<p>ORGANIZACI\u00d3N NO GUBERNAMENTAL SIN \u00c1NIMO DE LUCRO El objetivo de NEO Chi Institute es ense\u00f1ar la pr\u00e1ctica de mindful framing y el estilo de vida NEO Chi. Adem\u00e1s, el Instituto tiene como objetivo dise\u00f1ar, financiar y\/o colaborar en ensayos cl\u00ednicos para confirmar la hip\u00f3tesis de que la pr\u00e1ctica y el estilo de vida pueden complementar [&hellip;]<\/p>\n","protected":false},"author":1,"featured_media":1632,"parent":0,"menu_order":0,"comment_status":"closed","ping_status":"closed","template":"","meta":{"_acf_changed":false,"footnotes":""},"class_list":["post-1604","page","type-page","status-publish","has-post-thumbnail","hentry"],"acf":[],"aioseo_notices":[],"aioseo_head":"\n\t\t<!-- All in One SEO Pro 4.9.5.2 - aioseo.com -->\n\t<meta name=\"description\" content=\"The NEO Chi Institute gives you a free-forever guide for mindful framing with illustrations, audios and videos that plant the seeds for a healthier NEO Chi lifestyle. Transform youranxiety into vital energy.\" \/>\n\t<meta name=\"robots\" content=\"max-image-preview:large\" \/>\n\t<meta name=\"google-site-verification\" content=\"kD2yz_roczRBzo-ZB3EykWv8VfiUrNoJWc36EGmkINI\" \/>\n\t<meta name=\"msvalidate.01\" content=\"C2613C93A35D5FFAA26B4CCBC4D61E15\" \/>\n\t<meta name=\"keywords\" content=\"the neo institute,the 501(c)(3) nonprofit,neo chi institute goal\" \/>\n\t<link rel=\"canonical\" href=\"https:\/\/neochi.org\/es\/instituto\" \/>\n\t<meta name=\"generator\" content=\"All in One SEO Pro (AIOSEO) 4.9.5.2\" \/>\n\t\t<meta property=\"og:locale\" content=\"es_ES\" \/>\n\t\t<meta property=\"og:site_name\" content=\"The NEO Chi Institute\" \/>\n\t\t<meta property=\"og:type\" content=\"article\" \/>\n\t\t<meta property=\"og:title\" content=\"THE NEO Institute - The 501(c)(3) nonprofit NEO Chi Institute goal | The NEO Chi Institute\" \/>\n\t\t<meta property=\"og:description\" content=\"The NEO Chi Institute gives you a free-forever guide for mindful framing with illustrations, audios and videos that plant the seeds for a healthier NEO Chi lifestyle. Transform youranxiety into vital energy.\" \/>\n\t\t<meta property=\"og:url\" content=\"https:\/\/neochi.org\/es\/instituto\" \/>\n\t\t<meta property=\"fb:admins\" content=\"187116322056839\" \/>\n\t\t<meta property=\"article:tag\" content=\"the neo institute\" \/>\n\t\t<meta property=\"article:tag\" content=\"the 501(c)(3) nonprofit\" \/>\n\t\t<meta property=\"article:tag\" content=\"neo chi institute goal\" \/>\n\t\t<meta property=\"article:published_time\" content=\"2018-03-22T12:28:27+00:00\" \/>\n\t\t<meta property=\"article:modified_time\" content=\"2020-11-24T14:56:58+00:00\" \/>\n\t\t<meta property=\"article:publisher\" content=\"https:\/\/www.facebook.com\/neochiorg\/\" \/>\n\t\t<meta name=\"twitter:card\" content=\"summary\" \/>\n\t\t<meta name=\"twitter:site\" content=\"@neochiorg\" \/>\n\t\t<meta name=\"twitter:title\" content=\"THE NEO Institute - The 501(c)(3) nonprofit NEO Chi Institute goal | The NEO Chi Institute\" \/>\n\t\t<meta name=\"twitter:description\" content=\"The NEO Chi Institute gives you a free-forever guide for mindful framing with illustrations, audios and videos that plant the seeds for a healthier NEO Chi lifestyle. Transform youranxiety into vital energy.\" \/>\n\t\t<script type=\"application\/ld+json\" class=\"aioseo-schema\">\n\t\t\t{\"@context\":\"https:\\\/\\\/schema.org\",\"@graph\":[{\"@type\":\"BreadcrumbList\",\"@id\":\"https:\\\/\\\/neochi.org\\\/es\\\/instituto#breadcrumblist\",\"itemListElement\":[{\"@type\":\"ListItem\",\"@id\":\"https:\\\/\\\/neochi.org\\\/es#listItem\",\"position\":1,\"name\":\"Home\",\"item\":\"https:\\\/\\\/neochi.org\\\/es\",\"nextItem\":{\"@type\":\"ListItem\",\"@id\":\"https:\\\/\\\/neochi.org\\\/es\\\/instituto#listItem\",\"name\":\"Instituto NEO Chi\"}},{\"@type\":\"ListItem\",\"@id\":\"https:\\\/\\\/neochi.org\\\/es\\\/instituto#listItem\",\"position\":2,\"name\":\"Instituto NEO Chi\",\"previousItem\":{\"@type\":\"ListItem\",\"@id\":\"https:\\\/\\\/neochi.org\\\/es#listItem\",\"name\":\"Home\"}}]},{\"@type\":\"Organization\",\"@id\":\"https:\\\/\\\/neochi.org\\\/es\\\/#organization\",\"name\":\"The NEO Chi Institute\",\"description\":\"transform your anxiety into vital energy\",\"url\":\"https:\\\/\\\/neochi.org\\\/es\\\/\",\"email\":\"email@neochi.org\",\"sameAs\":[\"https:\\\/\\\/www.instagram.com\\\/neochiorg\\\/\"],\"address\":{\"@id\":\"https:\\\/\\\/neochi.org\\\/es\\\/#postaladdress\",\"@type\":\"PostalAddress\",\"streetAddress\":\"6762 Hampton Dr,\",\"postalCode\":\"95120\",\"addressLocality\":\"San Jose\",\"addressRegion\":\"California\",\"addressCountry\":\"US\"}},{\"@type\":\"WebPage\",\"@id\":\"https:\\\/\\\/neochi.org\\\/es\\\/instituto#webpage\",\"url\":\"https:\\\/\\\/neochi.org\\\/es\\\/instituto\",\"name\":\"THE NEO Institute - The 501(c)(3) nonprofit NEO Chi Institute goal | The NEO Chi Institute\",\"description\":\"The NEO Chi Institute gives you a free-forever guide for mindful framing with illustrations, audios and videos that plant the seeds for a healthier NEO Chi lifestyle. Transform youranxiety into vital energy.\",\"inLanguage\":\"es-ES\",\"isPartOf\":{\"@id\":\"https:\\\/\\\/neochi.org\\\/es\\\/#website\"},\"breadcrumb\":{\"@id\":\"https:\\\/\\\/neochi.org\\\/es\\\/instituto#breadcrumblist\"},\"image\":{\"@type\":\"ImageObject\",\"url\":\"https:\\\/\\\/neochi.org\\\/wp-content\\\/uploads\\\/2018\\\/03\\\/trunk2.jpg\",\"@id\":\"https:\\\/\\\/neochi.org\\\/es\\\/instituto\\\/#mainImage\",\"width\":500,\"height\":500,\"caption\":\"The 501(c)(3) nonprofit\"},\"primaryImageOfPage\":{\"@id\":\"https:\\\/\\\/neochi.org\\\/es\\\/instituto#mainImage\"},\"datePublished\":\"2018-03-22T05:28:27-07:00\",\"dateModified\":\"2020-11-24T06:56:58-08:00\"},{\"@type\":\"WebSite\",\"@id\":\"https:\\\/\\\/neochi.org\\\/es\\\/#website\",\"url\":\"https:\\\/\\\/neochi.org\\\/es\\\/\",\"name\":\"The NEO Chi Institute\",\"description\":\"transform your anxiety into vital energy\",\"inLanguage\":\"es-ES\",\"publisher\":{\"@id\":\"https:\\\/\\\/neochi.org\\\/es\\\/#organization\"}}]}\n\t\t<\/script>\n\t\t<!-- All in One SEO Pro -->\r\n\t\t<title>THE NEO Institute - The 501(c)(3) nonprofit NEO Chi Institute goal | The NEO Chi Institute<\/title>\n\n","aioseo_head_json":{"title":"THE NEO Institute - The 501(c)(3) nonprofit NEO Chi Institute goal | The NEO Chi Institute","description":"The NEO Chi Institute gives you a free-forever guide for mindful framing with illustrations, audios and videos that plant the seeds for a healthier NEO Chi lifestyle. Transform youranxiety into vital energy.","canonical_url":"https:\/\/neochi.org\/es\/instituto","robots":"max-image-preview:large","keywords":"the neo institute,the 501(c)(3) nonprofit,neo chi institute goal","webmasterTools":{"google-site-verification":"kD2yz_roczRBzo-ZB3EykWv8VfiUrNoJWc36EGmkINI","msvalidate.01":"C2613C93A35D5FFAA26B4CCBC4D61E15","miscellaneous":""},"schema":{"@context":"https:\/\/schema.org","@graph":[{"@type":"BreadcrumbList","@id":"https:\/\/neochi.org\/es\/instituto#breadcrumblist","itemListElement":[{"@type":"ListItem","@id":"https:\/\/neochi.org\/es#listItem","position":1,"name":"Home","item":"https:\/\/neochi.org\/es","nextItem":{"@type":"ListItem","@id":"https:\/\/neochi.org\/es\/instituto#listItem","name":"Instituto NEO Chi"}},{"@type":"ListItem","@id":"https:\/\/neochi.org\/es\/instituto#listItem","position":2,"name":"Instituto NEO Chi","previousItem":{"@type":"ListItem","@id":"https:\/\/neochi.org\/es#listItem","name":"Home"}}]},{"@type":"Organization","@id":"https:\/\/neochi.org\/es\/#organization","name":"The NEO Chi Institute","description":"transform your anxiety into vital energy","url":"https:\/\/neochi.org\/es\/","email":"email@neochi.org","sameAs":["https:\/\/www.instagram.com\/neochiorg\/"],"address":{"@id":"https:\/\/neochi.org\/es\/#postaladdress","@type":"PostalAddress","streetAddress":"6762 Hampton Dr,","postalCode":"95120","addressLocality":"San Jose","addressRegion":"California","addressCountry":"US"}},{"@type":"WebPage","@id":"https:\/\/neochi.org\/es\/instituto#webpage","url":"https:\/\/neochi.org\/es\/instituto","name":"THE NEO Institute - The 501(c)(3) nonprofit NEO Chi Institute goal | The NEO Chi Institute","description":"The NEO Chi Institute gives you a free-forever guide for mindful framing with illustrations, audios and videos that plant the seeds for a healthier NEO Chi lifestyle. Transform youranxiety into vital energy.","inLanguage":"es-ES","isPartOf":{"@id":"https:\/\/neochi.org\/es\/#website"},"breadcrumb":{"@id":"https:\/\/neochi.org\/es\/instituto#breadcrumblist"},"image":{"@type":"ImageObject","url":"https:\/\/neochi.org\/wp-content\/uploads\/2018\/03\/trunk2.jpg","@id":"https:\/\/neochi.org\/es\/instituto\/#mainImage","width":500,"height":500,"caption":"The 501(c)(3) nonprofit"},"primaryImageOfPage":{"@id":"https:\/\/neochi.org\/es\/instituto#mainImage"},"datePublished":"2018-03-22T05:28:27-07:00","dateModified":"2020-11-24T06:56:58-08:00"},{"@type":"WebSite","@id":"https:\/\/neochi.org\/es\/#website","url":"https:\/\/neochi.org\/es\/","name":"The NEO Chi Institute","description":"transform your anxiety into vital energy","inLanguage":"es-ES","publisher":{"@id":"https:\/\/neochi.org\/es\/#organization"}}]},"og:locale":"es_ES","og:site_name":"The NEO Chi Institute","og:type":"article","og:title":"THE NEO Institute - The 501(c)(3) nonprofit NEO Chi Institute goal | The NEO Chi Institute","og:description":"The NEO Chi Institute gives you a free-forever guide for mindful framing with illustrations, audios and videos that plant the seeds for a healthier NEO Chi lifestyle. Transform youranxiety into vital energy.","og:url":"https:\/\/neochi.org\/es\/instituto","fb:admins":"187116322056839","article:tag":["the neo institute","the 501(c)(3) nonprofit","neo chi institute goal"],"article:published_time":"2018-03-22T12:28:27+00:00","article:modified_time":"2020-11-24T14:56:58+00:00","article:publisher":"https:\/\/www.facebook.com\/neochiorg\/","twitter:card":"summary","twitter:site":"@neochiorg","twitter:title":"THE NEO Institute - The 501(c)(3) nonprofit NEO Chi Institute goal | The NEO Chi Institute","twitter:description":"The NEO Chi Institute gives you a free-forever guide for mindful framing with illustrations, audios and videos that plant the seeds for a healthier NEO Chi lifestyle. Transform youranxiety into vital energy."},"aioseo_meta_data":{"post_id":"1604","title":"THE NEO Institute - The 501(c)(3) nonprofit NEO Chi Institute goal | #site_title","description":"The NEO Chi Institute gives you a free-forever guide for mindful framing with illustrations, audios and videos that plant the seeds for a healthier NEO Chi lifestyle. Transform youranxiety into vital energy.","keywords":[{"label":"THE NEO Institute","value":"THE NEO Institute"},{"label":"The 501(c)(3) nonprofit","value":"The 501(c)(3) nonprofit"},{"label":"NEO Chi Institute goal","value":"NEO Chi Institute goal"}],"keyphrases":null,"primary_term":null,"canonical_url":"","og_title":"","og_description":"","og_object_type":"article","og_image_type":"default","og_image_url":null,"og_image_width":null,"og_image_height":null,"og_image_custom_url":null,"og_image_custom_fields":null,"og_video":"","og_custom_url":null,"og_article_section":"","og_article_tags":"","twitter_use_og":false,"twitter_card":"summary","twitter_image_type":"default","twitter_image_url":null,"twitter_image_custom_url":null,"twitter_image_custom_fields":null,"twitter_title":null,"twitter_description":null,"schema":{"blockGraphs":[],"customGraphs":[],"default":{"data":{"Article":[],"Course":[],"Dataset":[],"FAQPage":[],"Movie":[],"Person":[],"Product":[],"ProductReview":[],"Car":[],"Recipe":[],"Service":[],"SoftwareApplication":[],"WebPage":[]},"graphName":"","isEnabled":true},"graphs":[]},"schema_type":null,"schema_type_options":null,"pillar_content":false,"robots_default":true,"robots_noindex":false,"robots_noarchive":false,"robots_nosnippet":false,"robots_nofollow":false,"robots_noimageindex":false,"robots_noodp":false,"robots_notranslate":false,"robots_max_snippet":null,"robots_max_videopreview":null,"robots_max_imagepreview":"large","priority":null,"frequency":null,"local_seo":null,"seo_analyzer_scan_date":"2025-08-15 03:33:37","breadcrumb_settings":null,"limit_modified_date":false,"open_ai":null,"ai":null,"created":"2021-01-07 19:36:11","updated":"2025-08-15 03:33:37"},"aioseo_breadcrumb":"<div class=\"aioseo-breadcrumbs\"><span class=\"aioseo-breadcrumb\">\n\t<a href=\"https:\/\/neochi.org\/es\" title=\"Home\">Home<\/a>\n<\/span><span class=\"aioseo-breadcrumb-separator\">&raquo;<\/span><span class=\"aioseo-breadcrumb\">\n\tInstituto NEO Chi\n<\/span><\/div>","aioseo_breadcrumb_json":[{"label":"Home","link":"https:\/\/neochi.org\/es"},{"label":"Instituto NEO Chi","link":"https:\/\/neochi.org\/es\/instituto"}],"jetpack_sharing_enabled":true,"jetpack_shortlink":"https:\/\/wp.me\/P9FLtf-pS","_links":{"self":[{"href":"https:\/\/neochi.org\/es\/wp-json\/wp\/v2\/pages\/1604","targetHints":{"allow":["GET"]}}],"collection":[{"href":"https:\/\/neochi.org\/es\/wp-json\/wp\/v2\/pages"}],"about":[{"href":"https:\/\/neochi.org\/es\/wp-json\/wp\/v2\/types\/page"}],"author":[{"embeddable":true,"href":"https:\/\/neochi.org\/es\/wp-json\/wp\/v2\/users\/1"}],"replies":[{"embeddable":true,"href":"https:\/\/neochi.org\/es\/wp-json\/wp\/v2\/comments?post=1604"}],"version-history":[{"count":10,"href":"https:\/\/neochi.org\/es\/wp-json\/wp\/v2\/pages\/1604\/revisions"}],"predecessor-version":[{"id":4570,"href":"https:\/\/neochi.org\/es\/wp-json\/wp\/v2\/pages\/1604\/revisions\/4570"}],"wp:featuredmedia":[{"embeddable":true,"href":"https:\/\/neochi.org\/es\/wp-json\/wp\/v2\/media\/1632"}],"wp:attachment":[{"href":"https:\/\/neochi.org\/es\/wp-json\/wp\/v2\/media?parent=1604"}],"curies":[{"name":"wp","href":"https:\/\/api.w.org\/{rel}","templated":true}]}}