{"id":1608,"date":"2018-03-22T05:31:49","date_gmt":"2018-03-22T12:31:49","guid":{"rendered":"http:\/\/dev.neochi.org?page_id=1608"},"modified":"2020-11-24T06:57:23","modified_gmt":"2020-11-24T14:57:23","slug":"investigacion","status":"publish","type":"page","link":"https:\/\/neochi.org\/es\/investigacion","title":{"rendered":"Investigaci\u00f3n"},"content":{"rendered":"\t\t<div data-elementor-type=\"wp-page\" data-elementor-id=\"1608\" class=\"elementor elementor-1608 elementor-1416\" data-elementor-post-type=\"page\">\n\t\t\t\t\t\t<section class=\"elementor-section elementor-top-section elementor-element elementor-element-50e24bc5 elementor-section-content-middle elementor-section-stretched elementor-section-boxed elementor-section-height-default elementor-section-height-default\" data-id=\"50e24bc5\" data-element_type=\"section\" data-e-type=\"section\" data-settings=\"{&quot;background_background&quot;:&quot;classic&quot;,&quot;stretch_section&quot;:&quot;section-stretched&quot;}\">\n\t\t\t\t\t\t\t<div class=\"elementor-background-overlay\"><\/div>\n\t\t\t\t\t\t\t<div class=\"elementor-container elementor-column-gap-no\">\n\t\t\t\t\t<div class=\"elementor-column elementor-col-100 elementor-top-column elementor-element elementor-element-720d5d82\" data-id=\"720d5d82\" data-element_type=\"column\" data-e-type=\"column\">\n\t\t\t<div class=\"elementor-widget-wrap elementor-element-populated\">\n\t\t\t\t\t\t<div class=\"elementor-element elementor-element-23a9c16 elementor-widget elementor-widget-heading\" data-id=\"23a9c16\" data-element_type=\"widget\" data-e-type=\"widget\" data-widget_type=\"heading.default\">\n\t\t\t\t<div class=\"elementor-widget-container\">\n\t\t\t\t\t<h2 class=\"elementor-heading-title elementor-size-default\"><a href=\"https:\/\/www.choprafoundation.org\/education-research\/research-team\/2017-goals\/\">EN COLABORACI\u00d3N CON LA FUNDACI\u00d3N CHOPRA<\/a><\/h2>\t\t\t\t<\/div>\n\t\t\t\t<\/div>\n\t\t\t\t<div class=\"elementor-element elementor-element-62ca9c28 elementor-widget elementor-widget-text-editor\" data-id=\"62ca9c28\" data-element_type=\"widget\" data-e-type=\"widget\" data-widget_type=\"text-editor.default\">\n\t\t\t\t<div class=\"elementor-widget-container\">\n\t\t\t\t\t\t\t\t\t<p><b><span lang=\"ES\">Las actividades de investigaci\u00f3n<\/span><\/b><span lang=\"ES\">est\u00e1n dirigidas por el Doctor Oscar Segurado, que coordina las actividades en EEUU y en Espa\u00f1a. Uno de los proyectos principales refleja la colaboraci\u00f3n con los autores de los libros \u2018S\u00fapercerebro\u2019 y S\u00fapergenes,\u2019 el profesor y neurocient\u00edfico de la universidad de Harvard Rudi Tanzi y el Doctor Deepak Chopra, endocrin\u00f3logo y presidente de la Fundaci\u00f3n Chopra. Estos cient\u00edficos tienen extensa experiencia en endocrinolog\u00eda, neurociencia y practicas de meditaci\u00f3n y Ayurveda, referencias clave para los planes de investigaci\u00f3n del Instituto. Esta colaboraci\u00f3n se extiende al equipo cient\u00edfico liderado por el Doctor Paul Mills,<\/span><span lang=\"ES\">Director del Laboratorio de Investigaci\u00f3n Cl\u00ednica de Biomarcadores de la Universidad de San Diego, California. \u00a0Uno de los proyectos de investigaci\u00f3n bajo consideraci\u00f3n propone el estudio del efecto de la medicina hol\u00edstica para potenciar la mejor\u00eda de pacientes con c\u00e1ncer que reciben inmunoterapia. <\/span><\/p>\t\t\t\t\t\t\t\t<\/div>\n\t\t\t\t<\/div>\n\t\t\t\t<section class=\"elementor-section elementor-inner-section elementor-element elementor-element-26ed2094 elementor-section-content-middle elementor-section-boxed elementor-section-height-default elementor-section-height-default\" data-id=\"26ed2094\" data-element_type=\"section\" data-e-type=\"section\">\n\t\t\t\t\t\t<div class=\"elementor-container elementor-column-gap-no\">\n\t\t\t\t\t<div class=\"elementor-column elementor-col-50 elementor-inner-column elementor-element elementor-element-392884c6\" data-id=\"392884c6\" data-element_type=\"column\" data-e-type=\"column\">\n\t\t\t<div class=\"elementor-widget-wrap elementor-element-populated\">\n\t\t\t\t\t\t<div class=\"elementor-element elementor-element-fec7316 elementor-widget elementor-widget-image\" data-id=\"fec7316\" data-element_type=\"widget\" data-e-type=\"widget\" data-widget_type=\"image.default\">\n\t\t\t\t<div class=\"elementor-widget-container\">\n\t\t\t\t\t\t\t\t\t\t\t\t\t\t\t\t<a href=\"https:\/\/www.choprafoundation.org\/\" target=\"_blank\">\n\t\t\t\t\t\t\t<img decoding=\"async\" src=\"https:\/\/neochi.org\/wp-content\/uploads\/2020\/11\/logo-footer-chopra-foundation.svg\" class=\"elementor-animation-grow attachment-full size-full wp-image-3267\" alt=\"\" \/>\t\t\t\t\t\t\t\t<\/a>\n\t\t\t\t\t\t\t\t\t\t\t\t\t\t\t<\/div>\n\t\t\t\t<\/div>\n\t\t\t\t\t<\/div>\n\t\t<\/div>\n\t\t\t\t<div class=\"elementor-column elementor-col-50 elementor-inner-column elementor-element elementor-element-471d438e\" data-id=\"471d438e\" data-element_type=\"column\" data-e-type=\"column\">\n\t\t\t<div class=\"elementor-widget-wrap elementor-element-populated\">\n\t\t\t\t\t\t<div class=\"elementor-element elementor-element-41c920d5 elementor-widget elementor-widget-image\" data-id=\"41c920d5\" data-element_type=\"widget\" data-e-type=\"widget\" data-widget_type=\"image.default\">\n\t\t\t\t<div class=\"elementor-widget-container\">\n\t\t\t\t\t\t\t\t\t\t\t\t\t\t\t\t<a href=\"https:\/\/www.medicaffairs.com\/\" target=\"_blank\">\n\t\t\t\t\t\t\t<img decoding=\"async\" width=\"200\" height=\"160\" src=\"https:\/\/neochi.org\/wp-content\/uploads\/2020\/11\/medicaffairs_200_shadow.png\" class=\"elementor-animation-grow attachment-full size-full wp-image-3265\" alt=\"\" \/>\t\t\t\t\t\t\t\t<\/a>\n\t\t\t\t\t\t\t\t\t\t\t\t\t\t\t<\/div>\n\t\t\t\t<\/div>\n\t\t\t\t\t<\/div>\n\t\t<\/div>\n\t\t\t\t\t<\/div>\n\t\t<\/section>\n\t\t\t\t\t<\/div>\n\t\t<\/div>\n\t\t\t\t\t<\/div>\n\t\t<\/section>\n\t\t\t\t<\/div>\n\t\t","protected":false},"excerpt":{"rendered":"<p>EN COLABORACI\u00d3N CON LA FUNDACI\u00d3N CHOPRA Las actividades de investigaci\u00f3nest\u00e1n dirigidas por el Doctor Oscar Segurado, que coordina las actividades en EEUU y en Espa\u00f1a. Uno de los proyectos principales refleja la colaboraci\u00f3n con los autores de los libros \u2018S\u00fapercerebro\u2019 y S\u00fapergenes,\u2019 el profesor y neurocient\u00edfico de la universidad de Harvard Rudi Tanzi y el [&hellip;]<\/p>\n","protected":false},"author":1,"featured_media":0,"parent":0,"menu_order":0,"comment_status":"closed","ping_status":"closed","template":"","meta":{"_acf_changed":false,"footnotes":""},"class_list":["post-1608","page","type-page","status-publish","hentry"],"acf":[],"aioseo_notices":[],"aioseo_head":"\n\t\t<!-- All in One SEO Pro 4.9.5.2 - aioseo.com -->\n\t<meta name=\"description\" content=\"IN PARTNERSHIP WITH THE CHOPRA FOUNDATION IN PARTNERSHIP WITH MEDIC AFFAIRS CONSULTING\" \/>\n\t<meta name=\"robots\" content=\"max-image-preview:large\" \/>\n\t<meta name=\"google-site-verification\" content=\"kD2yz_roczRBzo-ZB3EykWv8VfiUrNoJWc36EGmkINI\" \/>\n\t<meta name=\"msvalidate.01\" content=\"C2613C93A35D5FFAA26B4CCBC4D61E15\" \/>\n\t<meta name=\"keywords\" content=\"research,research activities,non profit organization,partnership,chopra foundation,medic affairs consulting\" \/>\n\t<link rel=\"canonical\" href=\"https:\/\/neochi.org\/es\/investigacion\" \/>\n\t<meta name=\"generator\" content=\"All in One SEO Pro (AIOSEO) 4.9.5.2\" \/>\n\t\t<meta property=\"og:locale\" content=\"es_ES\" \/>\n\t\t<meta property=\"og:site_name\" content=\"The NEO Chi Institute\" \/>\n\t\t<meta property=\"og:type\" content=\"article\" \/>\n\t\t<meta property=\"og:title\" content=\"Research Activities | The NEO Chi Institute | The NEO Chi Institute\" \/>\n\t\t<meta property=\"og:description\" content=\"IN PARTNERSHIP WITH THE CHOPRA FOUNDATION IN PARTNERSHIP WITH MEDIC AFFAIRS CONSULTING\" \/>\n\t\t<meta property=\"og:url\" content=\"https:\/\/neochi.org\/es\/investigacion\" \/>\n\t\t<meta property=\"fb:admins\" content=\"187116322056839\" \/>\n\t\t<meta property=\"article:tag\" content=\"research\" \/>\n\t\t<meta property=\"article:tag\" content=\"research activities\" \/>\n\t\t<meta property=\"article:tag\" content=\"non profit organization\" \/>\n\t\t<meta property=\"article:tag\" content=\"partnership\" \/>\n\t\t<meta property=\"article:tag\" content=\"chopra foundation\" \/>\n\t\t<meta property=\"article:tag\" content=\"medic affairs consulting\" \/>\n\t\t<meta property=\"article:published_time\" content=\"2018-03-22T12:31:49+00:00\" \/>\n\t\t<meta property=\"article:modified_time\" content=\"2020-11-24T14:57:23+00:00\" \/>\n\t\t<meta property=\"article:publisher\" content=\"https:\/\/www.facebook.com\/neochiorg\/\" \/>\n\t\t<meta name=\"twitter:card\" content=\"summary\" \/>\n\t\t<meta name=\"twitter:site\" content=\"@neochiorg\" \/>\n\t\t<meta name=\"twitter:title\" content=\"Research Activities | The NEO Chi Institute | The NEO Chi Institute\" \/>\n\t\t<meta name=\"twitter:description\" content=\"IN PARTNERSHIP WITH THE CHOPRA FOUNDATION IN PARTNERSHIP WITH MEDIC AFFAIRS CONSULTING\" \/>\n\t\t<script type=\"application\/ld+json\" class=\"aioseo-schema\">\n\t\t\t{\"@context\":\"https:\\\/\\\/schema.org\",\"@graph\":[{\"@type\":\"BreadcrumbList\",\"@id\":\"https:\\\/\\\/neochi.org\\\/es\\\/investigacion#breadcrumblist\",\"itemListElement\":[{\"@type\":\"ListItem\",\"@id\":\"https:\\\/\\\/neochi.org\\\/es#listItem\",\"position\":1,\"name\":\"Home\",\"item\":\"https:\\\/\\\/neochi.org\\\/es\",\"nextItem\":{\"@type\":\"ListItem\",\"@id\":\"https:\\\/\\\/neochi.org\\\/es\\\/investigacion#listItem\",\"name\":\"Investigaci\\u00f3n\"}},{\"@type\":\"ListItem\",\"@id\":\"https:\\\/\\\/neochi.org\\\/es\\\/investigacion#listItem\",\"position\":2,\"name\":\"Investigaci\\u00f3n\",\"previousItem\":{\"@type\":\"ListItem\",\"@id\":\"https:\\\/\\\/neochi.org\\\/es#listItem\",\"name\":\"Home\"}}]},{\"@type\":\"Organization\",\"@id\":\"https:\\\/\\\/neochi.org\\\/es\\\/#organization\",\"name\":\"The NEO Chi Institute\",\"description\":\"transform your anxiety into vital energy\",\"url\":\"https:\\\/\\\/neochi.org\\\/es\\\/\",\"email\":\"email@neochi.org\",\"sameAs\":[\"https:\\\/\\\/www.instagram.com\\\/neochiorg\\\/\"],\"address\":{\"@id\":\"https:\\\/\\\/neochi.org\\\/es\\\/#postaladdress\",\"@type\":\"PostalAddress\",\"streetAddress\":\"6762 Hampton Dr,\",\"postalCode\":\"95120\",\"addressLocality\":\"San Jose\",\"addressRegion\":\"California\",\"addressCountry\":\"US\"}},{\"@type\":\"WebPage\",\"@id\":\"https:\\\/\\\/neochi.org\\\/es\\\/investigacion#webpage\",\"url\":\"https:\\\/\\\/neochi.org\\\/es\\\/investigacion\",\"name\":\"Research Activities | The NEO Chi Institute | The NEO Chi Institute\",\"description\":\"IN PARTNERSHIP WITH THE CHOPRA FOUNDATION IN PARTNERSHIP WITH MEDIC AFFAIRS CONSULTING\",\"inLanguage\":\"es-ES\",\"isPartOf\":{\"@id\":\"https:\\\/\\\/neochi.org\\\/es\\\/#website\"},\"breadcrumb\":{\"@id\":\"https:\\\/\\\/neochi.org\\\/es\\\/investigacion#breadcrumblist\"},\"datePublished\":\"2018-03-22T05:31:49-07:00\",\"dateModified\":\"2020-11-24T06:57:23-08:00\"},{\"@type\":\"WebSite\",\"@id\":\"https:\\\/\\\/neochi.org\\\/es\\\/#website\",\"url\":\"https:\\\/\\\/neochi.org\\\/es\\\/\",\"name\":\"The NEO Chi Institute\",\"description\":\"transform your anxiety into vital energy\",\"inLanguage\":\"es-ES\",\"publisher\":{\"@id\":\"https:\\\/\\\/neochi.org\\\/es\\\/#organization\"}}]}\n\t\t<\/script>\n\t\t<!-- All in One SEO Pro -->\r\n\t\t<title>Research Activities | The NEO Chi Institute | The NEO Chi Institute<\/title>\n\n","aioseo_head_json":{"title":"Research Activities | The NEO Chi Institute | The NEO Chi Institute","description":"IN PARTNERSHIP WITH THE CHOPRA FOUNDATION IN PARTNERSHIP WITH MEDIC AFFAIRS CONSULTING","canonical_url":"https:\/\/neochi.org\/es\/investigacion","robots":"max-image-preview:large","keywords":"research,research activities,non profit organization,partnership,chopra foundation,medic affairs consulting","webmasterTools":{"google-site-verification":"kD2yz_roczRBzo-ZB3EykWv8VfiUrNoJWc36EGmkINI","msvalidate.01":"C2613C93A35D5FFAA26B4CCBC4D61E15","miscellaneous":""},"schema":{"@context":"https:\/\/schema.org","@graph":[{"@type":"BreadcrumbList","@id":"https:\/\/neochi.org\/es\/investigacion#breadcrumblist","itemListElement":[{"@type":"ListItem","@id":"https:\/\/neochi.org\/es#listItem","position":1,"name":"Home","item":"https:\/\/neochi.org\/es","nextItem":{"@type":"ListItem","@id":"https:\/\/neochi.org\/es\/investigacion#listItem","name":"Investigaci\u00f3n"}},{"@type":"ListItem","@id":"https:\/\/neochi.org\/es\/investigacion#listItem","position":2,"name":"Investigaci\u00f3n","previousItem":{"@type":"ListItem","@id":"https:\/\/neochi.org\/es#listItem","name":"Home"}}]},{"@type":"Organization","@id":"https:\/\/neochi.org\/es\/#organization","name":"The NEO Chi Institute","description":"transform your anxiety into vital energy","url":"https:\/\/neochi.org\/es\/","email":"email@neochi.org","sameAs":["https:\/\/www.instagram.com\/neochiorg\/"],"address":{"@id":"https:\/\/neochi.org\/es\/#postaladdress","@type":"PostalAddress","streetAddress":"6762 Hampton Dr,","postalCode":"95120","addressLocality":"San Jose","addressRegion":"California","addressCountry":"US"}},{"@type":"WebPage","@id":"https:\/\/neochi.org\/es\/investigacion#webpage","url":"https:\/\/neochi.org\/es\/investigacion","name":"Research Activities | The NEO Chi Institute | The NEO Chi Institute","description":"IN PARTNERSHIP WITH THE CHOPRA FOUNDATION IN PARTNERSHIP WITH MEDIC AFFAIRS CONSULTING","inLanguage":"es-ES","isPartOf":{"@id":"https:\/\/neochi.org\/es\/#website"},"breadcrumb":{"@id":"https:\/\/neochi.org\/es\/investigacion#breadcrumblist"},"datePublished":"2018-03-22T05:31:49-07:00","dateModified":"2020-11-24T06:57:23-08:00"},{"@type":"WebSite","@id":"https:\/\/neochi.org\/es\/#website","url":"https:\/\/neochi.org\/es\/","name":"The NEO Chi Institute","description":"transform your anxiety into vital energy","inLanguage":"es-ES","publisher":{"@id":"https:\/\/neochi.org\/es\/#organization"}}]},"og:locale":"es_ES","og:site_name":"The NEO Chi Institute","og:type":"article","og:title":"Research Activities | The NEO Chi Institute | The NEO Chi Institute","og:description":"IN PARTNERSHIP WITH THE CHOPRA FOUNDATION IN PARTNERSHIP WITH MEDIC AFFAIRS CONSULTING","og:url":"https:\/\/neochi.org\/es\/investigacion","fb:admins":"187116322056839","article:tag":["research","research activities","non profit organization","partnership","chopra foundation","medic affairs consulting"],"article:published_time":"2018-03-22T12:31:49+00:00","article:modified_time":"2020-11-24T14:57:23+00:00","article:publisher":"https:\/\/www.facebook.com\/neochiorg\/","twitter:card":"summary","twitter:site":"@neochiorg","twitter:title":"Research Activities | The NEO Chi Institute | The NEO Chi Institute","twitter:description":"IN PARTNERSHIP WITH THE CHOPRA FOUNDATION IN PARTNERSHIP WITH MEDIC AFFAIRS CONSULTING"},"aioseo_meta_data":{"post_id":"1608","title":"Research Activities | The NEO Chi Institute | #site_title","description":"IN PARTNERSHIP WITH THE CHOPRA FOUNDATION\r\nIN PARTNERSHIP WITH MEDIC AFFAIRS CONSULTING","keywords":[{"label":"research","value":"research"},{"label":"research activities","value":"research activities"},{"label":"non profit organization","value":"non profit organization"},{"label":"partnership","value":"partnership"},{"label":"chopra foundation","value":"chopra foundation"},{"label":"medic affairs consulting","value":"medic affairs consulting"}],"keyphrases":null,"primary_term":null,"canonical_url":"","og_title":"","og_description":"","og_object_type":"article","og_image_type":"default","og_image_url":null,"og_image_width":null,"og_image_height":null,"og_image_custom_url":null,"og_image_custom_fields":null,"og_video":"","og_custom_url":null,"og_article_section":"","og_article_tags":"","twitter_use_og":false,"twitter_card":"summary","twitter_image_type":"default","twitter_image_url":null,"twitter_image_custom_url":null,"twitter_image_custom_fields":null,"twitter_title":null,"twitter_description":null,"schema":{"blockGraphs":[],"customGraphs":[],"default":{"data":{"Article":[],"Course":[],"Dataset":[],"FAQPage":[],"Movie":[],"Person":[],"Product":[],"ProductReview":[],"Car":[],"Recipe":[],"Service":[],"SoftwareApplication":[],"WebPage":[]},"graphName":"","isEnabled":true},"graphs":[]},"schema_type":null,"schema_type_options":null,"pillar_content":false,"robots_default":true,"robots_noindex":false,"robots_noarchive":false,"robots_nosnippet":false,"robots_nofollow":false,"robots_noimageindex":false,"robots_noodp":false,"robots_notranslate":false,"robots_max_snippet":null,"robots_max_videopreview":null,"robots_max_imagepreview":"large","priority":null,"frequency":null,"local_seo":null,"seo_analyzer_scan_date":"2025-08-15 03:38:11","breadcrumb_settings":null,"limit_modified_date":false,"open_ai":null,"ai":null,"created":"2021-01-07 19:36:11","updated":"2025-08-15 03:38:11"},"aioseo_breadcrumb":"<div class=\"aioseo-breadcrumbs\"><span class=\"aioseo-breadcrumb\">\n\t<a href=\"https:\/\/neochi.org\/es\" title=\"Home\">Home<\/a>\n<\/span><span class=\"aioseo-breadcrumb-separator\">&raquo;<\/span><span class=\"aioseo-breadcrumb\">\n\tInvestigaci\u00f3n\n<\/span><\/div>","aioseo_breadcrumb_json":[{"label":"Home","link":"https:\/\/neochi.org\/es"},{"label":"Investigaci\u00f3n","link":"https:\/\/neochi.org\/es\/investigacion"}],"jetpack_sharing_enabled":true,"jetpack_shortlink":"https:\/\/wp.me\/P9FLtf-pW","_links":{"self":[{"href":"https:\/\/neochi.org\/es\/wp-json\/wp\/v2\/pages\/1608","targetHints":{"allow":["GET"]}}],"collection":[{"href":"https:\/\/neochi.org\/es\/wp-json\/wp\/v2\/pages"}],"about":[{"href":"https:\/\/neochi.org\/es\/wp-json\/wp\/v2\/types\/page"}],"author":[{"embeddable":true,"href":"https:\/\/neochi.org\/es\/wp-json\/wp\/v2\/users\/1"}],"replies":[{"embeddable":true,"href":"https:\/\/neochi.org\/es\/wp-json\/wp\/v2\/comments?post=1608"}],"version-history":[{"count":19,"href":"https:\/\/neochi.org\/es\/wp-json\/wp\/v2\/pages\/1608\/revisions"}],"predecessor-version":[{"id":4572,"href":"https:\/\/neochi.org\/es\/wp-json\/wp\/v2\/pages\/1608\/revisions\/4572"}],"wp:attachment":[{"href":"https:\/\/neochi.org\/es\/wp-json\/wp\/v2\/media?parent=1608"}],"curies":[{"name":"wp","href":"https:\/\/api.w.org\/{rel}","templated":true}]}}