{"id":2104,"date":"2018-10-03T03:12:22","date_gmt":"2018-10-03T10:12:22","guid":{"rendered":"http:\/\/dev.neochi.org\/?page_id=2104"},"modified":"2020-11-24T06:52:07","modified_gmt":"2020-11-24T14:52:07","slug":"colorea","status":"publish","type":"page","link":"https:\/\/neochi.org\/es\/colorea","title":{"rendered":"Colorea"},"content":{"rendered":"\t\t<div data-elementor-type=\"wp-page\" data-elementor-id=\"2104\" class=\"elementor elementor-2104\" data-elementor-post-type=\"page\">\n\t\t\t\t\t\t<section class=\"elementor-section elementor-top-section elementor-element elementor-element-4e833b20 elementor-section-height-min-height elementor-section-stretched elementor-section-boxed elementor-section-height-default elementor-section-items-middle\" data-id=\"4e833b20\" data-element_type=\"section\" data-e-type=\"section\" data-settings=\"{&quot;stretch_section&quot;:&quot;section-stretched&quot;,&quot;background_background&quot;:&quot;classic&quot;}\">\n\t\t\t\t\t\t\t<div class=\"elementor-background-overlay\"><\/div>\n\t\t\t\t\t\t\t<div class=\"elementor-container elementor-column-gap-default\">\n\t\t\t\t\t<div class=\"elementor-column elementor-col-100 elementor-top-column elementor-element elementor-element-155e8ed2\" data-id=\"155e8ed2\" data-element_type=\"column\" data-e-type=\"column\">\n\t\t\t<div class=\"elementor-widget-wrap elementor-element-populated\">\n\t\t\t\t\t\t<div class=\"elementor-element elementor-element-1026a908 elementor-widget elementor-widget-text-editor\" data-id=\"1026a908\" data-element_type=\"widget\" data-e-type=\"widget\" data-widget_type=\"text-editor.default\">\n\t\t\t\t<div class=\"elementor-widget-container\">\n\t\t\t\t\t\t\t\t\t<p>Las ilustraciones para colorear est\u00e1n disponibles gratis en formato PDF, listo para imprimir en tu formato favorito <a href=\"https:\/\/app.box.com\/s\/6xp5hw6kafggroywr84bb265m4ssj3re\">clickando aqu\u00ed<\/a><\/p><p><strong>Beneficios de colorear:<\/strong><\/p><p>Cuando eras un ni\u00f1o aprendiste a dibujar con cuadernos de colorear. Ahora puedes aprender y memorizar tu estilo de vida NEO Chi coloreando las ilustraciones que acompa\u00f1an los cap\u00edtulos sobre el sistema inmune y la pr\u00e1ctica de <em>mindful framing<\/em>.<\/p><p>Para colorear estas im\u00e1genes no necesitas experiencia o dotes art\u00edsticas. Lo \u00fanico importante es decidir que color de lapicero utilizar en cada espacio\u2026 y se pueden borrar o retocar a tu gusto!<\/p><p>Los colores fr\u00edos, como azul, purpura y verde, tienen un efecto relajante. Los colores mas calientes, como rojo, naranja y amarillo, tienen un efecto estimulante. Los colores blancos y brillantes tienen mas energ\u00eda. El color negro, gris y los tonos apagados tienen menos energ\u00eda.<\/p><p>Este es el primer paso para crear tu versi\u00f3n personalizada del estilo de vida NEO Chi. Cuando hayas finalizado tu imagen, haz una copia y util\u00edzala para memorizar mejor la historia de detectives o cada una de las cinco escenas de <em>mindful framing<\/em>.<\/p><p>Desde tiempos ancestrales se han utilizado mandalas, im\u00e1genes para colorear basadas en figuras geometricas en la naturaleza. Esta pr\u00e1ctica se asocia a un aumento de la concentraci\u00f3n, llevando a la reflexi\u00f3n y un estado de calma. De forma similar, mientras coloreas estas im\u00e1genes, notaras que tu mente se relaja, aprovecha para reflexionar sobre aspectos relevantes de cada escena.<\/p>\t\t\t\t\t\t\t\t<\/div>\n\t\t\t\t<\/div>\n\t\t\t\t\t<\/div>\n\t\t<\/div>\n\t\t\t\t\t<\/div>\n\t\t<\/section>\n\t\t\t\t<section class=\"elementor-section elementor-top-section elementor-element elementor-element-66bac8cd elementor-section-boxed elementor-section-height-default elementor-section-height-default\" data-id=\"66bac8cd\" data-element_type=\"section\" data-e-type=\"section\">\n\t\t\t\t\t\t<div class=\"elementor-container elementor-column-gap-default\">\n\t\t\t\t\t<div class=\"elementor-column elementor-col-100 elementor-top-column elementor-element elementor-element-77aa717\" data-id=\"77aa717\" data-element_type=\"column\" data-e-type=\"column\">\n\t\t\t<div class=\"elementor-widget-wrap\">\n\t\t\t\t\t\t\t<\/div>\n\t\t<\/div>\n\t\t\t\t\t<\/div>\n\t\t<\/section>\n\t\t\t\t<\/div>\n\t\t","protected":false},"excerpt":{"rendered":"<p>Las ilustraciones para colorear est\u00e1n disponibles gratis en formato PDF, listo para imprimir en tu formato favorito clickando aqu\u00ed Beneficios de colorear: Cuando eras un ni\u00f1o aprendiste a dibujar con cuadernos de colorear. Ahora puedes aprender y memorizar tu estilo de vida NEO Chi coloreando las ilustraciones que acompa\u00f1an los cap\u00edtulos sobre el sistema inmune [&hellip;]<\/p>\n","protected":false},"author":1,"featured_media":0,"parent":0,"menu_order":0,"comment_status":"closed","ping_status":"closed","template":"","meta":{"_acf_changed":false,"footnotes":""},"class_list":["post-2104","page","type-page","status-publish","hentry"],"acf":[],"aioseo_notices":[],"aioseo_head":"\n\t\t<!-- All in One SEO Pro 4.9.5.2 - aioseo.com -->\n\t<meta name=\"robots\" content=\"max-image-preview:large\" \/>\n\t<meta name=\"google-site-verification\" content=\"kD2yz_roczRBzo-ZB3EykWv8VfiUrNoJWc36EGmkINI\" \/>\n\t<meta name=\"msvalidate.01\" content=\"C2613C93A35D5FFAA26B4CCBC4D61E15\" \/>\n\t<link rel=\"canonical\" href=\"https:\/\/neochi.org\/es\/colorea\" \/>\n\t<meta name=\"generator\" content=\"All in One SEO Pro (AIOSEO) 4.9.5.2\" \/>\n\t\t<meta property=\"og:locale\" content=\"es_ES\" \/>\n\t\t<meta property=\"og:site_name\" content=\"The NEO Chi Institute\" \/>\n\t\t<meta property=\"og:type\" content=\"article\" \/>\n\t\t<meta property=\"og:title\" content=\"Colorea | The NEO Chi Institute\" \/>\n\t\t<meta property=\"og:url\" content=\"https:\/\/neochi.org\/es\/colorea\" \/>\n\t\t<meta property=\"fb:admins\" content=\"187116322056839\" \/>\n\t\t<meta property=\"article:published_time\" content=\"2018-10-03T10:12:22+00:00\" \/>\n\t\t<meta property=\"article:modified_time\" content=\"2020-11-24T14:52:07+00:00\" \/>\n\t\t<meta property=\"article:publisher\" content=\"https:\/\/www.facebook.com\/neochiorg\/\" \/>\n\t\t<meta name=\"twitter:card\" content=\"summary\" \/>\n\t\t<meta name=\"twitter:site\" content=\"@neochiorg\" \/>\n\t\t<meta name=\"twitter:title\" content=\"Colorea | The NEO Chi Institute\" \/>\n\t\t<script type=\"application\/ld+json\" class=\"aioseo-schema\">\n\t\t\t{\"@context\":\"https:\\\/\\\/schema.org\",\"@graph\":[{\"@type\":\"BreadcrumbList\",\"@id\":\"https:\\\/\\\/neochi.org\\\/es\\\/colorea#breadcrumblist\",\"itemListElement\":[{\"@type\":\"ListItem\",\"@id\":\"https:\\\/\\\/neochi.org\\\/es#listItem\",\"position\":1,\"name\":\"Home\",\"item\":\"https:\\\/\\\/neochi.org\\\/es\",\"nextItem\":{\"@type\":\"ListItem\",\"@id\":\"https:\\\/\\\/neochi.org\\\/es\\\/colorea#listItem\",\"name\":\"Colorea\"}},{\"@type\":\"ListItem\",\"@id\":\"https:\\\/\\\/neochi.org\\\/es\\\/colorea#listItem\",\"position\":2,\"name\":\"Colorea\",\"previousItem\":{\"@type\":\"ListItem\",\"@id\":\"https:\\\/\\\/neochi.org\\\/es#listItem\",\"name\":\"Home\"}}]},{\"@type\":\"Organization\",\"@id\":\"https:\\\/\\\/neochi.org\\\/es\\\/#organization\",\"name\":\"The NEO Chi Institute\",\"description\":\"transform your anxiety into vital energy\",\"url\":\"https:\\\/\\\/neochi.org\\\/es\\\/\",\"email\":\"email@neochi.org\",\"sameAs\":[\"https:\\\/\\\/www.instagram.com\\\/neochiorg\\\/\"],\"address\":{\"@id\":\"https:\\\/\\\/neochi.org\\\/es\\\/#postaladdress\",\"@type\":\"PostalAddress\",\"streetAddress\":\"6762 Hampton Dr,\",\"postalCode\":\"95120\",\"addressLocality\":\"San Jose\",\"addressRegion\":\"California\",\"addressCountry\":\"US\"}},{\"@type\":\"WebPage\",\"@id\":\"https:\\\/\\\/neochi.org\\\/es\\\/colorea#webpage\",\"url\":\"https:\\\/\\\/neochi.org\\\/es\\\/colorea\",\"name\":\"Colorea | The NEO Chi Institute\",\"inLanguage\":\"es-ES\",\"isPartOf\":{\"@id\":\"https:\\\/\\\/neochi.org\\\/es\\\/#website\"},\"breadcrumb\":{\"@id\":\"https:\\\/\\\/neochi.org\\\/es\\\/colorea#breadcrumblist\"},\"datePublished\":\"2018-10-03T03:12:22-07:00\",\"dateModified\":\"2020-11-24T06:52:07-08:00\"},{\"@type\":\"WebSite\",\"@id\":\"https:\\\/\\\/neochi.org\\\/es\\\/#website\",\"url\":\"https:\\\/\\\/neochi.org\\\/es\\\/\",\"name\":\"The NEO Chi Institute\",\"description\":\"transform your anxiety into vital energy\",\"inLanguage\":\"es-ES\",\"publisher\":{\"@id\":\"https:\\\/\\\/neochi.org\\\/es\\\/#organization\"}}]}\n\t\t<\/script>\n\t\t<!-- All in One SEO Pro -->\r\n\t\t<title>Colorea | The NEO Chi Institute<\/title>\n\n","aioseo_head_json":{"title":"Colorea | The NEO Chi Institute","description":"","canonical_url":"https:\/\/neochi.org\/es\/colorea","robots":"max-image-preview:large","keywords":"","webmasterTools":{"google-site-verification":"kD2yz_roczRBzo-ZB3EykWv8VfiUrNoJWc36EGmkINI","msvalidate.01":"C2613C93A35D5FFAA26B4CCBC4D61E15","miscellaneous":""},"schema":{"@context":"https:\/\/schema.org","@graph":[{"@type":"BreadcrumbList","@id":"https:\/\/neochi.org\/es\/colorea#breadcrumblist","itemListElement":[{"@type":"ListItem","@id":"https:\/\/neochi.org\/es#listItem","position":1,"name":"Home","item":"https:\/\/neochi.org\/es","nextItem":{"@type":"ListItem","@id":"https:\/\/neochi.org\/es\/colorea#listItem","name":"Colorea"}},{"@type":"ListItem","@id":"https:\/\/neochi.org\/es\/colorea#listItem","position":2,"name":"Colorea","previousItem":{"@type":"ListItem","@id":"https:\/\/neochi.org\/es#listItem","name":"Home"}}]},{"@type":"Organization","@id":"https:\/\/neochi.org\/es\/#organization","name":"The NEO Chi Institute","description":"transform your anxiety into vital energy","url":"https:\/\/neochi.org\/es\/","email":"email@neochi.org","sameAs":["https:\/\/www.instagram.com\/neochiorg\/"],"address":{"@id":"https:\/\/neochi.org\/es\/#postaladdress","@type":"PostalAddress","streetAddress":"6762 Hampton Dr,","postalCode":"95120","addressLocality":"San Jose","addressRegion":"California","addressCountry":"US"}},{"@type":"WebPage","@id":"https:\/\/neochi.org\/es\/colorea#webpage","url":"https:\/\/neochi.org\/es\/colorea","name":"Colorea | The NEO Chi Institute","inLanguage":"es-ES","isPartOf":{"@id":"https:\/\/neochi.org\/es\/#website"},"breadcrumb":{"@id":"https:\/\/neochi.org\/es\/colorea#breadcrumblist"},"datePublished":"2018-10-03T03:12:22-07:00","dateModified":"2020-11-24T06:52:07-08:00"},{"@type":"WebSite","@id":"https:\/\/neochi.org\/es\/#website","url":"https:\/\/neochi.org\/es\/","name":"The NEO Chi Institute","description":"transform your anxiety into vital energy","inLanguage":"es-ES","publisher":{"@id":"https:\/\/neochi.org\/es\/#organization"}}]},"og:locale":"es_ES","og:site_name":"The NEO Chi Institute","og:type":"article","og:title":"Colorea | The NEO Chi Institute","og:url":"https:\/\/neochi.org\/es\/colorea","fb:admins":"187116322056839","article:published_time":"2018-10-03T10:12:22+00:00","article:modified_time":"2020-11-24T14:52:07+00:00","article:publisher":"https:\/\/www.facebook.com\/neochiorg\/","twitter:card":"summary","twitter:site":"@neochiorg","twitter:title":"Colorea | The NEO Chi Institute"},"aioseo_meta_data":{"post_id":"2104","title":null,"description":"","keywords":"","keyphrases":null,"primary_term":null,"canonical_url":"","og_title":"","og_description":"","og_object_type":"article","og_image_type":"default","og_image_url":null,"og_image_width":null,"og_image_height":null,"og_image_custom_url":null,"og_image_custom_fields":null,"og_video":"","og_custom_url":null,"og_article_section":"","og_article_tags":"","twitter_use_og":false,"twitter_card":"summary","twitter_image_type":"default","twitter_image_url":null,"twitter_image_custom_url":null,"twitter_image_custom_fields":null,"twitter_title":null,"twitter_description":null,"schema":{"blockGraphs":[],"customGraphs":[],"default":{"data":{"Article":[],"Course":[],"Dataset":[],"FAQPage":[],"Movie":[],"Person":[],"Product":[],"ProductReview":[],"Car":[],"Recipe":[],"Service":[],"SoftwareApplication":[],"WebPage":[]},"graphName":"","isEnabled":true},"graphs":[]},"schema_type":null,"schema_type_options":null,"pillar_content":false,"robots_default":true,"robots_noindex":false,"robots_noarchive":false,"robots_nosnippet":false,"robots_nofollow":false,"robots_noimageindex":false,"robots_noodp":false,"robots_notranslate":false,"robots_max_snippet":null,"robots_max_videopreview":null,"robots_max_imagepreview":"large","priority":null,"frequency":null,"local_seo":null,"seo_analyzer_scan_date":"2025-08-15 03:40:48","breadcrumb_settings":null,"limit_modified_date":false,"open_ai":null,"ai":null,"created":"2021-01-07 19:36:11","updated":"2025-08-15 03:40:48"},"aioseo_breadcrumb":"<div class=\"aioseo-breadcrumbs\"><span class=\"aioseo-breadcrumb\">\n\t<a href=\"https:\/\/neochi.org\/es\" title=\"Home\">Home<\/a>\n<\/span><span class=\"aioseo-breadcrumb-separator\">&raquo;<\/span><span class=\"aioseo-breadcrumb\">\n\tColorea\n<\/span><\/div>","aioseo_breadcrumb_json":[{"label":"Home","link":"https:\/\/neochi.org\/es"},{"label":"Colorea","link":"https:\/\/neochi.org\/es\/colorea"}],"jetpack_sharing_enabled":true,"jetpack_shortlink":"https:\/\/wp.me\/P9FLtf-xW","_links":{"self":[{"href":"https:\/\/neochi.org\/es\/wp-json\/wp\/v2\/pages\/2104","targetHints":{"allow":["GET"]}}],"collection":[{"href":"https:\/\/neochi.org\/es\/wp-json\/wp\/v2\/pages"}],"about":[{"href":"https:\/\/neochi.org\/es\/wp-json\/wp\/v2\/types\/page"}],"author":[{"embeddable":true,"href":"https:\/\/neochi.org\/es\/wp-json\/wp\/v2\/users\/1"}],"replies":[{"embeddable":true,"href":"https:\/\/neochi.org\/es\/wp-json\/wp\/v2\/comments?post=2104"}],"version-history":[{"count":13,"href":"https:\/\/neochi.org\/es\/wp-json\/wp\/v2\/pages\/2104\/revisions"}],"predecessor-version":[{"id":4554,"href":"https:\/\/neochi.org\/es\/wp-json\/wp\/v2\/pages\/2104\/revisions\/4554"}],"wp:attachment":[{"href":"https:\/\/neochi.org\/es\/wp-json\/wp\/v2\/media?parent=2104"}],"curies":[{"name":"wp","href":"https:\/\/api.w.org\/{rel}","templated":true}]}}